{"id":37,"date":"2025-07-04T03:07:56","date_gmt":"2025-07-04T03:07:56","guid":{"rendered":"https:\/\/awta.swim.net.au\/?page_id=37"},"modified":"2025-12-23T01:49:45","modified_gmt":"2025-12-23T01:49:45","slug":"circa","status":"publish","type":"page","link":"https:\/\/awta.com.au\/it\/circa\/","title":{"rendered":"Circa"},"content":{"rendered":"<div class=\"wp-block-group is-style-boxed is-layout-constrained wp-block-group-is-layout-constrained\">\n<div class=\"wp-block-columns is-layout-flex wp-container-core-columns-is-layout-9d6595d7 wp-block-columns-is-layout-flex\">\n<div class=\"wp-block-column is-vertically-aligned-center is-layout-flow wp-block-column-is-layout-flow\">\n<h2 class=\"wp-block-heading\">In funzione da oltre 65 anni<\/h2>\n\n\n\n<div style=\"height:20px\" aria-hidden=\"true\" class=\"wp-block-spacer\"><\/div>\n\n\n\n<p>L'AWTA Ltd (Australian Wool Testing Authority) \u00e8 la pi\u00f9 grande organizzazione di test sulla lana al mondo.<br>&nbsp;<br>Come gruppo consolidato, AWTA comprende 3 divisioni operative in Australia (AWTA Raw Wool, AWTA Product Testing e Agrifood Technology), la sua controllata al 100% NZWTA e la sua joint venture, JinAo Testing Company.<br>&nbsp;<br>AWTA Ltd \u00e8 sinonimo di trasformazione della produzione, della commercializzazione, della valutazione e della lavorazione della lana da una valutazione soggettiva a sistemi di valutazione oggettivi.<\/p>\n\n\n\n<p>L'AWTA ha svolto un ruolo fondamentale nel fornire un ponte tra la ricerca e l'applicazione commerciale della tecnologia di analisi, facilitando ulteriori ricerche e sviluppi, sponsorizzando e partecipando a prove pratiche e sviluppando e implementando standard, procedure, metodi e tecnologie nazionali e internazionali pertinenti, fornendo grandi vantaggi a tutti i segmenti dell'industria laniera in Australia e all'estero.<\/p>\n<\/div>\n\n\n\n<div class=\"wp-block-column is-vertically-aligned-center is-layout-flow wp-block-column-is-layout-flow\">\n<figure class=\"wp-block-image size-large\"><img loading=\"lazy\" decoding=\"async\" width=\"1024\" height=\"722\" src=\"https:\/\/awta.com.au\/app\/uploads\/2025\/11\/Wool-Hands-1024x722.jpg\" alt=\"\" class=\"wp-image-2027\" srcset=\"https:\/\/awta.com.au\/app\/uploads\/2025\/11\/Wool-Hands-1024x722.jpg 1024w, https:\/\/awta.com.au\/app\/uploads\/2025\/11\/Wool-Hands-300x212.jpg 300w, https:\/\/awta.com.au\/app\/uploads\/2025\/11\/Wool-Hands-768x542.jpg 768w, https:\/\/awta.com.au\/app\/uploads\/2025\/11\/Wool-Hands-18x12.jpg 18w, https:\/\/awta.com.au\/app\/uploads\/2025\/11\/Wool-Hands.jpg 1219w\" sizes=\"auto, (max-width: 1024px) 100vw, 1024px\" \/><\/figure>\n<\/div>\n<\/div>\n<\/div>\n\n\n\n<div class=\"wp-block-group is-style-boxed is-layout-constrained wp-block-group-is-layout-constrained\">\n<div class=\"wp-block-columns is-style-mobile-reverse is-layout-flex wp-container-core-columns-is-layout-9d6595d7 wp-block-columns-is-layout-flex\">\n<div class=\"wp-block-column is-vertically-aligned-center is-layout-flow wp-block-column-is-layout-flow\">\n<figure class=\"wp-block-image size-large\"><img loading=\"lazy\" decoding=\"async\" width=\"1024\" height=\"695\" src=\"https:\/\/awta.com.au\/app\/uploads\/2025\/08\/Frame-68-3-1024x695.png\" alt=\"\" class=\"wp-image-262\" srcset=\"https:\/\/awta.com.au\/app\/uploads\/2025\/08\/Frame-68-3-1024x695.png 1024w, https:\/\/awta.com.au\/app\/uploads\/2025\/08\/Frame-68-3-300x204.png 300w, https:\/\/awta.com.au\/app\/uploads\/2025\/08\/Frame-68-3-768x522.png 768w, https:\/\/awta.com.au\/app\/uploads\/2025\/08\/Frame-68-3-1536x1043.png 1536w, https:\/\/awta.com.au\/app\/uploads\/2025\/08\/Frame-68-3-2048x1391.png 2048w, https:\/\/awta.com.au\/app\/uploads\/2025\/08\/Frame-68-3.png 2144w\" sizes=\"auto, (max-width: 1024px) 100vw, 1024px\" \/><\/figure>\n<\/div>\n\n\n\n<div class=\"wp-block-column is-vertically-aligned-center is-layout-flow wp-block-column-is-layout-flow\">\n<p>Come risultato:<\/p>\n\n\n\n<ul class=\"wp-block-list\">\n<li>Praticamente tutta la lana australiana viene misurata prima della vendita.<br><\/li>\n\n\n\n<li>La lana viene preparata per la vendita in base a standard di preparazione oggettivi piuttosto che soggettivi, con alcuni allevatori che preparano linee classificate sulla base delle misure dei singoli velli.<br><\/li>\n\n\n\n<li>La lana viene generalmente esposta per la vendita in scatole di campionario piuttosto che nella vecchia tecnica espositiva.<br><\/li>\n\n\n\n<li>La lana viene valutata e acquistata con l'aiuto di misure effettive per il diametro delle fibre, la resa, il contenuto di materia vegetale, la lunghezza, la resistenza e talvolta il colore.<\/li>\n<\/ul>\n\n\n\n<p>La misurazione ha inoltre facilitato l'espansione elettronica dell'elaborazione dei dati e della reportistica di mercato, nonch\u00e9 la creazione di database di aste e di singoli clip che forniscono informazioni impareggiabili ed esaustive a tutti i segmenti del settore, ognuno dei quali ha pari accesso a tali informazioni su base commerciale.<br>&nbsp;<br>Oggi i trasformatori di lana possono aspettarsi con fiducia che la lana acquistata in base alle loro specifiche di prezzo e lavorazione, con il beneficio della certificazione AWTA, si comporter\u00e0 secondo le loro esigenze, e gli allevatori hanno la certezza di essere pagati in base alle specifiche oggettive della loro lana.<\/p>\n<\/div>\n<\/div>\n<\/div>\n\n\n\n<div id=\"history\" class=\"wp-block-group is-style-boxed has-light-gray-background-color has-background is-layout-constrained wp-block-group-is-layout-constrained\">\n<div class=\"wp-block-columns is-layout-flex wp-container-core-columns-is-layout-9d6595d7 wp-block-columns-is-layout-flex\">\n<div class=\"wp-block-column is-vertically-aligned-center is-layout-flow wp-block-column-is-layout-flow\">\n<h2 class=\"wp-block-heading\">La storia<\/h2>\n\n\n\n<p>L'Australian Wool Testing Authority \u00e8 stata istituita nel 1957 dal governo del Commonwealth in risposta alle richieste dell'industria laniera australiana ed \u00e8 stata creata come autorit\u00e0 statutaria alle dipendenze del Ministro dell'Industria Primaria. La prima riunione dell'Autorit\u00e0 si tenne il 12 dicembre 1957.<br><br>Dopo la formazione dell'Australian Wool Board nel 1962, l'AWTA \u00e8 stata istituita come divisione separata all'interno di tale organizzazione il 1\u00b0 luglio 1963. L'AWTA ha mantenuto lo stesso status all'interno dell'Australian Wool Corporation quando questa \u00e8 stata costituita dalla fusione dell'Australian Wool Board e dell'Australian Wool Commission il 1\u00b0 gennaio 1973.<br>&nbsp;<br>L'AWTA Ltd \u00e8 stata costituita come societ\u00e0 a responsabilit\u00e0 limitata il 14 maggio 1982 a seguito della decisione del governo australiano di trasferire le funzioni dell'Australian Wool Testing Authority (AWTA) al settore pubblico. Dopo quasi 25 anni di attivit\u00e0, il governo e l'industria hanno ritenuto che non fosse necessario che l'AWTA continuasse ad avere legami con il governo, soprattutto perch\u00e9 era controllata dall'industria laniera e finanziata dai servizi commerciali che forniva all'industria, non dal governo o da eventuali tasse.<br>&nbsp;<br>Nell'aprile 1982, gli stessi interessi dell'industria laniera che costituivano l'AWTA come ente statutario hanno costituito una societ\u00e0 pubblica a responsabilit\u00e0 limitata, per acquisire tutte le attivit\u00e0 e le passivit\u00e0 dell'ente statutario.<br>L'AWTA Ltd ha iniziato a operare il 1\u00b0 luglio 1982, quando ha rilevato tutte le precedenti funzioni dell'AWTA.<\/p>\n\n\n\n<p><strong><em>Cliccare qui per approfondire la storia dell'AWTA (autore: David J Ward OAM):<\/em><\/strong><\/p>\n\n\n\n<p><strong><a href=\"https:\/\/heyzine.com\/flip-book\/ed7296cb19.html\">Storia dell'Autorit\u00e0 australiana di controllo della lana (1957 - 1982)<\/a><\/strong><\/p>\n<\/div>\n\n\n\n<div class=\"wp-block-column is-vertically-aligned-center is-layout-flow wp-block-column-is-layout-flow\">\n<figure class=\"wp-block-image size-large\"><img loading=\"lazy\" decoding=\"async\" width=\"889\" height=\"1024\" src=\"https:\/\/awta.com.au\/app\/uploads\/2025\/08\/Frame-68-4-889x1024.png\" alt=\"\" class=\"wp-image-267\" srcset=\"https:\/\/awta.com.au\/app\/uploads\/2025\/08\/Frame-68-4-889x1024.png 889w, https:\/\/awta.com.au\/app\/uploads\/2025\/08\/Frame-68-4-260x300.png 260w, https:\/\/awta.com.au\/app\/uploads\/2025\/08\/Frame-68-4-768x885.png 768w, https:\/\/awta.com.au\/app\/uploads\/2025\/08\/Frame-68-4-1334x1536.png 1334w, https:\/\/awta.com.au\/app\/uploads\/2025\/08\/Frame-68-4-1778x2048.png 1778w, https:\/\/awta.com.au\/app\/uploads\/2025\/08\/Frame-68-4.png 1976w\" sizes=\"auto, (max-width: 889px) 100vw, 889px\" \/><\/figure>\n<\/div>\n<\/div>\n<\/div>\n\n\n\n<div id=\"objectives\" class=\"wp-block-group is-style-boxed-narrow is-layout-constrained wp-block-group-is-layout-constrained\">\n<h2 class=\"wp-block-heading\">Obiettivi<\/h2>\n\n\n\n<div style=\"height:20px\" aria-hidden=\"true\" class=\"wp-block-spacer\"><\/div>\n\n\n\n<p class=\"is-style-no-paddings\">Gli obiettivi per i quali la Societ\u00e0 \u00e8 stata fondata erano e sono tuttora sanciti nel suo Memorandum. Essi comprendono i seguenti:<\/p>\n\n\n\n<p><\/p>\n\n\n\n<ol class=\"wp-block-list\">\n<li>Promuovere le vendite della lana australiana incoraggiando la crescita e l'utilizzo della misurazione oggettiva della lana, in particolare tramite test di prevendita.<\/li>\n\n\n\n<li>Per testare la lana e le altre fibre, naturali o meno, e i prodotti di lana e simili realizzati in tutto o in parte con altre fibre.<\/li>\n\n\n\n<li>Fornire un servizio di analisi accurato e imparziale, basato su standard di analisi riconosciuti a livello internazionale, come aiuto per un'efficiente commercializzazione della lana.<\/li>\n\n\n\n<li>Condurre ricerche sulla lana, sulle fibre e sui tessuti e\/o effettuare test su altri materiali e prodotti, laddove tali attivit\u00e0 assistano o promuovano lo sviluppo delle risorse pastorali, agricole, manifatturiere o industriali dell'Australia.<\/li>\n\n\n\n<li>Massimizzare il reddito netto dell'industria laniera australiana incoraggiando l'applicazione ottimale della misurazione oggettiva della lana da parte di allevatori, broker, acquirenti e trasformatori locali e stranieri.<\/li>\n\n\n\n<li>Ottimizzare la produttivit\u00e0 dell'industria laniera attraverso la ricerca e l'implementazione di nuovi sistemi e tecnologie.<\/li>\n\n\n\n<li>Creare, attrezzare e mantenere laboratori, officine e altri luoghi adatti alle attivit\u00e0 di sperimentazione e ricerca.<\/li>\n\n\n\n<li>Fornire e favorire la fornitura di servizi di elaborazione dati finalizzati a una pi\u00f9 efficiente commercializzazione della lana.<\/li>\n\n\n\n<li>In generale, promuovere e favorire un'analisi pi\u00f9 efficiente della lana, come richiesto dall'industria laniera e tessile, a un costo minimo.<\/li>\n\n\n\n<li>Fornire certificati e redigere relazioni su test e ricerche effettuati dall'Autorit\u00e0.<\/li>\n<\/ol>\n<\/div>\n\n\n\n<div id=\"mission-vision\" class=\"wp-block-group is-style-full-width has-brick-red-background-color has-background is-layout-constrained wp-block-group-is-layout-constrained\">\n<div class=\"wp-block-columns is-layout-flex wp-container-core-columns-is-layout-9d6595d7 wp-block-columns-is-layout-flex\">\n<div class=\"wp-block-column is-layout-flow wp-block-column-is-layout-flow\">\n<h2 class=\"wp-block-heading has-white-color has-text-color has-link-color wp-elements-9c37077c4ed64e3d146ac09385a22557\">La nostra missione<\/h2>\n\n\n\n<div style=\"height:20px\" aria-hidden=\"true\" class=\"wp-block-spacer\"><\/div>\n\n\n\n<p class=\"has-white-color has-text-color has-link-color wp-elements-db76a89aaa98dded6697d104d9897cb6\">Assistere o promuovere lo sviluppo delle risorse pastorali, agricole, manifatturiere e industriali dell'Australia, in particolare fornendo dati oggettivi e indipendenti e servizi di informazione che facilitino la produzione, la commercializzazione e la lavorazione efficiente della lana, delle altre fibre, dei prodotti tessili e dei materiali correlati.<\/p>\n<\/div>\n\n\n\n<div class=\"wp-block-column is-layout-flow wp-block-column-is-layout-flow\">\n<h2 class=\"wp-block-heading has-white-color has-text-color has-link-color wp-elements-a284fea2b7179e578737fbaf119a013c\">La nostra visione<\/h2>\n\n\n\n<div style=\"height:20px\" aria-hidden=\"true\" class=\"wp-block-spacer\"><\/div>\n\n\n\n<p class=\"has-white-color has-text-color has-link-color wp-elements-2a9f964cbbb6a894c0cc13689dd7cb0e\">Mantenere una reputazione nazionale e internazionale di competenza tecnica, indipendenza commerciale e integrit\u00e0 professionale, fornendo ai nostri clienti servizi di campionamento, analisi e certificazione accurati, imparziali ed efficienti.<\/p>\n<\/div>\n<\/div>\n<\/div>\n\n\n\n<div class=\"wp-block-group is-style-boxed-narrow is-layout-constrained wp-block-group-is-layout-constrained\">\n<h2 class=\"wp-block-heading\">I nostri valori<\/h2>\n\n\n\n<div style=\"height:20px\" aria-hidden=\"true\" class=\"wp-block-spacer\"><\/div>\n\n\n\n<ul class=\"wp-block-list\">\n<li>Mantenere l'eccellenza tecnica, sfruttando al massimo le tecnologie emergenti e fornendo al personale le conoscenze, le competenze e le attrezzature per migliorare il servizio ai clienti e ridurre i costi.<\/li>\n\n\n\n<li>Garantire l'indipendenza commerciale in tutte le attivit\u00e0.<\/li>\n\n\n\n<li>Insistere sull'integrit\u00e0 professionale all'interno della Societ\u00e0, rimanendo imparziali ed evitando conflitti di interesse.<\/li>\n\n\n\n<li>Essere attenti e reattivi, monitorando e comprendendo le mutevoli esigenze dei clienti.<\/li>\n\n\n\n<li>Garantire l'esistenza di un piano di continuit\u00e0 aziendale affidabile, per ridurre al minimo le interruzioni del processo di marketing della lana in caso di disastro.<\/li>\n\n\n\n<li>Promuovere relazioni industriali sane, basate sul rispetto reciproco e sul riconoscimento degli interessi comuni a tutti i dipendenti e ai dirigenti.<\/li>\n\n\n\n<li>Aspirare a fornire un ambiente di lavoro sicuro e soddisfacente, che incoraggi la partecipazione dei dipendenti e sia supportato da programmi di formazione e sviluppo adeguati.<\/li>\n\n\n\n<li>Cercare di soddisfare tutti gli obblighi legali e morali di un buon cittadino aziendale.<\/li>\n\n\n\n<li>Adottare strategie commerciali che trasferiscano i vantaggi di risparmio dei costi derivanti dall'esenzione dall'imposta sul reddito della Societ\u00e0, in modo da assistere o promuovere lo sviluppo delle risorse industriali rilevanti dell'Australia.<\/li>\n<\/ul>\n<\/div>","protected":false},"excerpt":{"rendered":"<p>Attiva da oltre 65 anni, l'AWTA Ltd (Australian Wool Testing Authority) \u00e8 la pi\u00f9 grande organizzazione di analisi della lana al mondo. Come gruppo consolidato, l'AWTA comprende...<\/p>","protected":false},"author":1,"featured_media":0,"parent":0,"menu_order":0,"comment_status":"closed","ping_status":"closed","template":"","meta":{"_acf_changed":false,"footnotes":""},"class_list":["post-37","page","type-page","status-publish","hentry"],"acf":[],"yoast_head":"<!-- This site is optimized with the Yoast SEO plugin v27.0 - https:\/\/yoast.com\/product\/yoast-seo-wordpress\/ -->\n<title>About - AWTA Limited<\/title>\n<meta name=\"robots\" content=\"index, follow, max-snippet:-1, max-image-preview:large, max-video-preview:-1\" \/>\n<link rel=\"canonical\" href=\"https:\/\/awta.com.au\/it\/circa\/\" \/>\n<meta property=\"og:locale\" content=\"it_IT\" \/>\n<meta property=\"og:type\" content=\"article\" \/>\n<meta property=\"og:title\" content=\"About - AWTA Limited\" \/>\n<meta property=\"og:description\" content=\"Operating For 65+ Years AWTA Ltd (Australian Wool Testing Authority) is the largest wool testing organisation in the world.&nbsp;As a consolidated group, AWTA comprise\u2026\" \/>\n<meta property=\"og:url\" content=\"https:\/\/awta.com.au\/it\/circa\/\" \/>\n<meta property=\"og:site_name\" content=\"AWTA Limited\" \/>\n<meta property=\"article:modified_time\" content=\"2025-12-23T01:49:45+00:00\" \/>\n<meta property=\"og:image\" content=\"https:\/\/awta.com.au\/app\/uploads\/2025\/11\/Wool-Hands.jpg\" \/>\n\t<meta property=\"og:image:width\" content=\"1219\" \/>\n\t<meta property=\"og:image:height\" content=\"860\" \/>\n\t<meta property=\"og:image:type\" content=\"image\/jpeg\" \/>\n<meta name=\"twitter:card\" content=\"summary_large_image\" \/>\n<meta name=\"twitter:label1\" content=\"Est. reading time\" \/>\n\t<meta name=\"twitter:data1\" content=\"6 minutes\" \/>\n<script type=\"application\/ld+json\" class=\"yoast-schema-graph\">{\"@context\":\"https:\/\/schema.org\",\"@graph\":[{\"@type\":\"WebPage\",\"@id\":\"https:\/\/awta.com.au\/about\/\",\"url\":\"https:\/\/awta.com.au\/about\/\",\"name\":\"About - AWTA Limited\",\"isPartOf\":{\"@id\":\"https:\/\/awta.com.au\/zh_cn\/#website\"},\"primaryImageOfPage\":{\"@id\":\"https:\/\/awta.com.au\/about\/#primaryimage\"},\"image\":{\"@id\":\"https:\/\/awta.com.au\/about\/#primaryimage\"},\"thumbnailUrl\":\"https:\/\/awta.com.au\/app\/uploads\/2025\/11\/Wool-Hands-1024x722.jpg\",\"datePublished\":\"2025-07-04T03:07:56+00:00\",\"dateModified\":\"2025-12-23T01:49:45+00:00\",\"breadcrumb\":{\"@id\":\"https:\/\/awta.com.au\/about\/#breadcrumb\"},\"inLanguage\":\"it-IT\",\"potentialAction\":[{\"@type\":\"ReadAction\",\"target\":[\"https:\/\/awta.com.au\/about\/\"]}]},{\"@type\":\"ImageObject\",\"inLanguage\":\"it-IT\",\"@id\":\"https:\/\/awta.com.au\/about\/#primaryimage\",\"url\":\"https:\/\/awta.com.au\/app\/uploads\/2025\/11\/Wool-Hands-1024x722.jpg\",\"contentUrl\":\"https:\/\/awta.com.au\/app\/uploads\/2025\/11\/Wool-Hands-1024x722.jpg\"},{\"@type\":\"BreadcrumbList\",\"@id\":\"https:\/\/awta.com.au\/about\/#breadcrumb\",\"itemListElement\":[{\"@type\":\"ListItem\",\"position\":1,\"name\":\"Home\",\"item\":\"https:\/\/awta.com.au\/\"},{\"@type\":\"ListItem\",\"position\":2,\"name\":\"About\"}]},{\"@type\":\"WebSite\",\"@id\":\"https:\/\/awta.com.au\/zh_cn\/#website\",\"url\":\"https:\/\/awta.com.au\/zh_cn\/\",\"name\":\"AWTA Limited\",\"description\":\"\",\"publisher\":{\"@id\":\"https:\/\/awta.com.au\/zh_cn\/#organization\"},\"potentialAction\":[{\"@type\":\"SearchAction\",\"target\":{\"@type\":\"EntryPoint\",\"urlTemplate\":\"https:\/\/awta.com.au\/zh_cn\/?s={search_term_string}\"},\"query-input\":{\"@type\":\"PropertyValueSpecification\",\"valueRequired\":true,\"valueName\":\"search_term_string\"}}],\"inLanguage\":\"it-IT\"},{\"@type\":\"Organization\",\"@id\":\"https:\/\/awta.com.au\/zh_cn\/#organization\",\"name\":\"AWTA Limited\",\"url\":\"https:\/\/awta.com.au\/zh_cn\/\",\"logo\":{\"@type\":\"ImageObject\",\"inLanguage\":\"it-IT\",\"@id\":\"https:\/\/awta.com.au\/zh_cn\/#\/schema\/logo\/image\/\",\"url\":\"https:\/\/awta.com.au\/app\/uploads\/2025\/06\/awta-default.png\",\"contentUrl\":\"https:\/\/awta.com.au\/app\/uploads\/2025\/06\/awta-default.png\",\"width\":768,\"height\":474,\"caption\":\"AWTA Limited\"},\"image\":{\"@id\":\"https:\/\/awta.com.au\/zh_cn\/#\/schema\/logo\/image\/\"}}]}<\/script>\n<!-- \/ Yoast SEO plugin. -->","yoast_head_json":{"title":"Informazioni su - AWTA Limited","robots":{"index":"index","follow":"follow","max-snippet":"max-snippet:-1","max-image-preview":"max-image-preview:large","max-video-preview":"max-video-preview:-1"},"canonical":"https:\/\/awta.com.au\/it\/circa\/","og_locale":"it_IT","og_type":"article","og_title":"About - AWTA Limited","og_description":"Operating For 65+ Years AWTA Ltd (Australian Wool Testing Authority) is the largest wool testing organisation in the world.&nbsp;As a consolidated group, AWTA comprise\u2026","og_url":"https:\/\/awta.com.au\/it\/circa\/","og_site_name":"AWTA Limited","article_modified_time":"2025-12-23T01:49:45+00:00","og_image":[{"width":1219,"height":860,"url":"https:\/\/awta.com.au\/app\/uploads\/2025\/11\/Wool-Hands.jpg","type":"image\/jpeg"}],"twitter_card":"summary_large_image","twitter_misc":{"Est. reading time":"6 minutes"},"schema":{"@context":"https:\/\/schema.org","@graph":[{"@type":"WebPage","@id":"https:\/\/awta.com.au\/about\/","url":"https:\/\/awta.com.au\/about\/","name":"Informazioni su - AWTA Limited","isPartOf":{"@id":"https:\/\/awta.com.au\/zh_cn\/#website"},"primaryImageOfPage":{"@id":"https:\/\/awta.com.au\/about\/#primaryimage"},"image":{"@id":"https:\/\/awta.com.au\/about\/#primaryimage"},"thumbnailUrl":"https:\/\/awta.com.au\/app\/uploads\/2025\/11\/Wool-Hands-1024x722.jpg","datePublished":"2025-07-04T03:07:56+00:00","dateModified":"2025-12-23T01:49:45+00:00","breadcrumb":{"@id":"https:\/\/awta.com.au\/about\/#breadcrumb"},"inLanguage":"it-IT","potentialAction":[{"@type":"ReadAction","target":["https:\/\/awta.com.au\/about\/"]}]},{"@type":"ImageObject","inLanguage":"it-IT","@id":"https:\/\/awta.com.au\/about\/#primaryimage","url":"https:\/\/awta.com.au\/app\/uploads\/2025\/11\/Wool-Hands-1024x722.jpg","contentUrl":"https:\/\/awta.com.au\/app\/uploads\/2025\/11\/Wool-Hands-1024x722.jpg"},{"@type":"BreadcrumbList","@id":"https:\/\/awta.com.au\/about\/#breadcrumb","itemListElement":[{"@type":"ListItem","position":1,"name":"Home","item":"https:\/\/awta.com.au\/"},{"@type":"ListItem","position":2,"name":"About"}]},{"@type":"WebSite","@id":"https:\/\/awta.com.au\/zh_cn\/#website","url":"https:\/\/awta.com.au\/zh_cn\/","name":"AWTA Limited","description":"","publisher":{"@id":"https:\/\/awta.com.au\/zh_cn\/#organization"},"potentialAction":[{"@type":"SearchAction","target":{"@type":"EntryPoint","urlTemplate":"https:\/\/awta.com.au\/zh_cn\/?s={search_term_string}"},"query-input":{"@type":"PropertyValueSpecification","valueRequired":true,"valueName":"search_term_string"}}],"inLanguage":"it-IT"},{"@type":"Organization","@id":"https:\/\/awta.com.au\/zh_cn\/#organization","name":"AWTA Limited","url":"https:\/\/awta.com.au\/zh_cn\/","logo":{"@type":"ImageObject","inLanguage":"it-IT","@id":"https:\/\/awta.com.au\/zh_cn\/#\/schema\/logo\/image\/","url":"https:\/\/awta.com.au\/app\/uploads\/2025\/06\/awta-default.png","contentUrl":"https:\/\/awta.com.au\/app\/uploads\/2025\/06\/awta-default.png","width":768,"height":474,"caption":"AWTA Limited"},"image":{"@id":"https:\/\/awta.com.au\/zh_cn\/#\/schema\/logo\/image\/"}}]}},"_links":{"self":[{"href":"https:\/\/awta.com.au\/it\/wp-json\/wp\/v2\/pages\/37","targetHints":{"allow":["GET"]}}],"collection":[{"href":"https:\/\/awta.com.au\/it\/wp-json\/wp\/v2\/pages"}],"about":[{"href":"https:\/\/awta.com.au\/it\/wp-json\/wp\/v2\/types\/page"}],"author":[{"embeddable":true,"href":"https:\/\/awta.com.au\/it\/wp-json\/wp\/v2\/users\/1"}],"replies":[{"embeddable":true,"href":"https:\/\/awta.com.au\/it\/wp-json\/wp\/v2\/comments?post=37"}],"version-history":[{"count":57,"href":"https:\/\/awta.com.au\/it\/wp-json\/wp\/v2\/pages\/37\/revisions"}],"predecessor-version":[{"id":2248,"href":"https:\/\/awta.com.au\/it\/wp-json\/wp\/v2\/pages\/37\/revisions\/2248"}],"wp:attachment":[{"href":"https:\/\/awta.com.au\/it\/wp-json\/wp\/v2\/media?parent=37"}],"curies":[{"name":"wp","href":"https:\/\/api.w.org\/{rel}","templated":true}]}}