{"id":323,"date":"2025-08-04T02:01:45","date_gmt":"2025-08-04T02:01:45","guid":{"rendered":"https:\/\/awta.swim.net.au\/?page_id=323"},"modified":"2025-12-23T00:20:24","modified_gmt":"2025-12-23T00:20:24","slug":"governance","status":"publish","type":"page","link":"https:\/\/awta.com.au\/it\/circa\/governance\/","title":{"rendered":"La governance"},"content":{"rendered":"<div class=\"wp-block-group is-style-boxed-narrow is-layout-constrained wp-block-group-is-layout-constrained\" style=\"padding-bottom:var(--wp--preset--spacing--70)\">\n<h2 class=\"wp-block-heading\" style=\"padding-bottom:0\">Carta di governance aziendale<\/h2>\n\n\n\n<p>Sebbene l'AWTA Ltd non sia una societ\u00e0 quotata in borsa, laddove applicabile alla sua struttura, segue i Principi e le Raccomandazioni di Corporate Governance dell'ASX.<br>&nbsp;<br>Il Consiglio \u00e8 responsabile della governance generale della Societ\u00e0, compresi la direzione strategica, le politiche principali e gli obiettivi finanziari. Il Consiglio ha adottato uno Statuto che delinea il suo ruolo e quello dei singoli Amministratori. La Carta di governo societario e la Guida per gli amministratori e i funzionari sono disponibili al pubblico sul sito web della Societ\u00e0.<\/p>\n\n\n\n<p><strong>SCARICARE I DOCUMENTI:<\/strong><br><a href=\"https:\/\/awta.com.au\/it\/app\/uploads\/2025\/12\/Corporate-Governance-Charter.pdf\/\">Carta di governance aziendale<\/a><br><a href=\"https:\/\/awta.com.au\/it\/app\/uploads\/2025\/12\/Memorandum-of-Association.pdf\/\">Atto costitutivo<\/a><\/p>\n\n\n\n<h2 class=\"wp-block-heading\">Condotta aziendale ed etica<\/h2>\n\n\n\n<p>La Societ\u00e0 riconosce che \u00e8 fondamentale per il suo continuo successo che il suo personale mantenga la pi\u00f9 alta reputazione possibile in termini di competenza tecnica, efficienza commerciale, imparzialit\u00e0, indipendenza, pari opportunit\u00e0 e integrit\u00e0 professionale. Per garantire che siano consapevoli del quadro etico in cui sono tenuti a lavorare, ogni dipendente \u00e8 tenuto a leggere e firmare la Politica di condotta ed etica aziendale della Societ\u00e0. Questa politica stabilisce ampie linee guida per la condotta e riflette la \u201ccoscienza\u201d aziendale di AWTA Ltd, promuovendo i pi\u00f9 alti livelli di comportamento.<\/p>\n\n\n\n\n\n<h2 class=\"wp-block-heading\">Obiettivi aziendali<\/h2>\n\n\n\n<p>Il servizio al cliente \u00e8 un aspetto centrale della cultura gestionale di AWTA Ltd. Sebbene sia descritto in dettaglio nella dichiarazione della Missione, della Visione e dei Valori dell'azienda, \u00e8 descritto pi\u00f9 sinteticamente dagli Obiettivi aziendali dell'azienda, ovvero:<\/p>\n\n\n\n<ul class=\"wp-block-list\">\n<li>Mantenere una reputazione nazionale e internazionale per competenza tecnica, indipendenza commerciale e integrit\u00e0 professionale.<\/li>\n\n\n\n<li>Fornire servizi di campionamento, analisi, elaborazione dati e certificazione accurati, imparziali ed efficienti, come richiesto dall'industria della lana, delle altre fibre e dei tessuti, a un costo minimo.<\/li>\n\n\n\n<li>Migliorare la redditivit\u00e0 dell'industria laniera australiana incoraggiando l'applicazione ottimale di misure oggettive.<\/li>\n<\/ul>\n\n\n\n<h2 class=\"wp-block-heading\">Rapporti sul clima<\/h2>\n\n\n\n<p>In qualit\u00e0 di cittadini d'impresa responsabili, ci impegniamo ad adottare misure per mitigare i rischi climatici. Dobbiamo ridurre il nostro impatto sul clima riducendo le nostre emissioni assolute di gas serra e promuovendo pratiche commerciali sostenibili.<\/p>\n\n\n\n<h3 class=\"wp-block-heading\">Dichiarazione sul clima dell'AWTA<\/h3>\n\n\n\n<p>L'AWTA \u00e8 consapevole del ruolo che il cambiamento climatico sta avendo, e continuer\u00e0 ad avere, sulle nostre attivit\u00e0 e su quelle dei nostri principali clienti dell'industria laniera e agricola australiana e neozelandese.<\/p>\n\n\n\n<p>In qualit\u00e0 di cittadini d'impresa responsabili, ci impegniamo ad adottare misure per mitigare i rischi climatici. Dobbiamo ridurre il nostro impatto sul clima riducendo le nostre emissioni assolute di gas serra e promuovendo pratiche commerciali sostenibili.<\/p>\n\n\n\n<p>A tal fine, l'AWTA implementer\u00e0 le raccomandazioni della Task Force on Climate-related Financial Disclosures (TCFD). L'informativa sul clima dell'AWTA si evolver\u00e0 di pari passo con l'evoluzione delle normative sul clima e sulla sostenibilit\u00e0.<\/p>\n\n\n\n<p>Il nostro obiettivo climatico intermedio \u00e8 di raggiungere una riduzione di 30% delle emissioni Scope 1 e Scope 2 delle nostre attivit\u00e0 entro il 2030, in linea con gli obiettivi internazionali di limitare il riscaldamento globale a 1,5 \u00b0C.<\/p>\n\n\n\n<p>Le strategie e le azioni necessarie per raggiungere questo obiettivo climatico saranno dirette e monitorate dal Consiglio dell'AWTA e messe in atto da ciascuna Divisione dell'AWTA, guidata dall'Amministratore delegato, in linea con la Politica sul cambiamento climatico e i Piani d'azione per il clima dell'AWTA.<\/p>\n\n\n\n<p>Relazioni periodiche sui progressi compiuti saranno disponibili per tutti i principali stakeholder.<\/p>\n<\/div>","protected":false},"excerpt":{"rendered":"<p>Carta di Corporate Governance Sebbene AWTA Ltd non sia una societ\u00e0 quotata in borsa, laddove applicabile alla sua struttura, segue i Principi di Corporate Governance dell'ASX e...<\/p>","protected":false},"author":1,"featured_media":0,"parent":37,"menu_order":0,"comment_status":"closed","ping_status":"closed","template":"","meta":{"_acf_changed":false,"footnotes":""},"class_list":["post-323","page","type-page","status-publish","hentry"],"acf":[],"yoast_head":"<!-- This site is optimized with the Yoast SEO plugin v27.0 - https:\/\/yoast.com\/product\/yoast-seo-wordpress\/ -->\n<title>Governance - AWTA Limited<\/title>\n<meta name=\"robots\" content=\"index, follow, max-snippet:-1, max-image-preview:large, max-video-preview:-1\" \/>\n<link rel=\"canonical\" href=\"https:\/\/awta.com.au\/it\/circa\/governance\/\" \/>\n<meta property=\"og:locale\" content=\"it_IT\" \/>\n<meta property=\"og:type\" content=\"article\" \/>\n<meta property=\"og:title\" content=\"Governance - AWTA Limited\" \/>\n<meta property=\"og:description\" content=\"Corporate Governance Charter Whilst AWTA Ltd is not a listed company, where applicable to its structure, it follows the ASX\u2019s Corporate Governance Principles and Rec\u2026\" \/>\n<meta property=\"og:url\" content=\"https:\/\/awta.com.au\/it\/circa\/governance\/\" \/>\n<meta property=\"og:site_name\" content=\"AWTA Limited\" \/>\n<meta property=\"article:modified_time\" content=\"2025-12-23T00:20:24+00:00\" \/>\n<meta name=\"twitter:card\" content=\"summary_large_image\" \/>\n<meta name=\"twitter:label1\" content=\"Est. reading time\" \/>\n\t<meta name=\"twitter:data1\" content=\"3 minutes\" \/>\n<script type=\"application\/ld+json\" class=\"yoast-schema-graph\">{\"@context\":\"https:\/\/schema.org\",\"@graph\":[{\"@type\":\"WebPage\",\"@id\":\"https:\/\/awta.com.au\/about\/governance\/\",\"url\":\"https:\/\/awta.com.au\/about\/governance\/\",\"name\":\"Governance - AWTA Limited\",\"isPartOf\":{\"@id\":\"https:\/\/awta.com.au\/zh_cn\/#website\"},\"datePublished\":\"2025-08-04T02:01:45+00:00\",\"dateModified\":\"2025-12-23T00:20:24+00:00\",\"breadcrumb\":{\"@id\":\"https:\/\/awta.com.au\/about\/governance\/#breadcrumb\"},\"inLanguage\":\"it-IT\",\"potentialAction\":[{\"@type\":\"ReadAction\",\"target\":[\"https:\/\/awta.com.au\/about\/governance\/\"]}]},{\"@type\":\"BreadcrumbList\",\"@id\":\"https:\/\/awta.com.au\/about\/governance\/#breadcrumb\",\"itemListElement\":[{\"@type\":\"ListItem\",\"position\":1,\"name\":\"Home\",\"item\":\"https:\/\/awta.com.au\/\"},{\"@type\":\"ListItem\",\"position\":2,\"name\":\"About\",\"item\":\"https:\/\/awta.com.au\/about\/\"},{\"@type\":\"ListItem\",\"position\":3,\"name\":\"Governance\"}]},{\"@type\":\"WebSite\",\"@id\":\"https:\/\/awta.com.au\/zh_cn\/#website\",\"url\":\"https:\/\/awta.com.au\/zh_cn\/\",\"name\":\"AWTA Limited\",\"description\":\"\",\"publisher\":{\"@id\":\"https:\/\/awta.com.au\/zh_cn\/#organization\"},\"potentialAction\":[{\"@type\":\"SearchAction\",\"target\":{\"@type\":\"EntryPoint\",\"urlTemplate\":\"https:\/\/awta.com.au\/zh_cn\/?s={search_term_string}\"},\"query-input\":{\"@type\":\"PropertyValueSpecification\",\"valueRequired\":true,\"valueName\":\"search_term_string\"}}],\"inLanguage\":\"it-IT\"},{\"@type\":\"Organization\",\"@id\":\"https:\/\/awta.com.au\/zh_cn\/#organization\",\"name\":\"AWTA Limited\",\"url\":\"https:\/\/awta.com.au\/zh_cn\/\",\"logo\":{\"@type\":\"ImageObject\",\"inLanguage\":\"it-IT\",\"@id\":\"https:\/\/awta.com.au\/zh_cn\/#\/schema\/logo\/image\/\",\"url\":\"https:\/\/awta.com.au\/app\/uploads\/2025\/06\/awta-default.png\",\"contentUrl\":\"https:\/\/awta.com.au\/app\/uploads\/2025\/06\/awta-default.png\",\"width\":768,\"height\":474,\"caption\":\"AWTA Limited\"},\"image\":{\"@id\":\"https:\/\/awta.com.au\/zh_cn\/#\/schema\/logo\/image\/\"}}]}<\/script>\n<!-- \/ Yoast SEO plugin. -->","yoast_head_json":{"title":"Governance - AWTA Limited","robots":{"index":"index","follow":"follow","max-snippet":"max-snippet:-1","max-image-preview":"max-image-preview:large","max-video-preview":"max-video-preview:-1"},"canonical":"https:\/\/awta.com.au\/it\/circa\/governance\/","og_locale":"it_IT","og_type":"article","og_title":"Governance - AWTA Limited","og_description":"Corporate Governance Charter Whilst AWTA Ltd is not a listed company, where applicable to its structure, it follows the ASX\u2019s Corporate Governance Principles and Rec\u2026","og_url":"https:\/\/awta.com.au\/it\/circa\/governance\/","og_site_name":"AWTA Limited","article_modified_time":"2025-12-23T00:20:24+00:00","twitter_card":"summary_large_image","twitter_misc":{"Est. reading time":"3 minutes"},"schema":{"@context":"https:\/\/schema.org","@graph":[{"@type":"WebPage","@id":"https:\/\/awta.com.au\/about\/governance\/","url":"https:\/\/awta.com.au\/about\/governance\/","name":"Governance - AWTA Limited","isPartOf":{"@id":"https:\/\/awta.com.au\/zh_cn\/#website"},"datePublished":"2025-08-04T02:01:45+00:00","dateModified":"2025-12-23T00:20:24+00:00","breadcrumb":{"@id":"https:\/\/awta.com.au\/about\/governance\/#breadcrumb"},"inLanguage":"it-IT","potentialAction":[{"@type":"ReadAction","target":["https:\/\/awta.com.au\/about\/governance\/"]}]},{"@type":"BreadcrumbList","@id":"https:\/\/awta.com.au\/about\/governance\/#breadcrumb","itemListElement":[{"@type":"ListItem","position":1,"name":"Home","item":"https:\/\/awta.com.au\/"},{"@type":"ListItem","position":2,"name":"About","item":"https:\/\/awta.com.au\/about\/"},{"@type":"ListItem","position":3,"name":"Governance"}]},{"@type":"WebSite","@id":"https:\/\/awta.com.au\/zh_cn\/#website","url":"https:\/\/awta.com.au\/zh_cn\/","name":"AWTA Limited","description":"","publisher":{"@id":"https:\/\/awta.com.au\/zh_cn\/#organization"},"potentialAction":[{"@type":"SearchAction","target":{"@type":"EntryPoint","urlTemplate":"https:\/\/awta.com.au\/zh_cn\/?s={search_term_string}"},"query-input":{"@type":"PropertyValueSpecification","valueRequired":true,"valueName":"search_term_string"}}],"inLanguage":"it-IT"},{"@type":"Organization","@id":"https:\/\/awta.com.au\/zh_cn\/#organization","name":"AWTA Limited","url":"https:\/\/awta.com.au\/zh_cn\/","logo":{"@type":"ImageObject","inLanguage":"it-IT","@id":"https:\/\/awta.com.au\/zh_cn\/#\/schema\/logo\/image\/","url":"https:\/\/awta.com.au\/app\/uploads\/2025\/06\/awta-default.png","contentUrl":"https:\/\/awta.com.au\/app\/uploads\/2025\/06\/awta-default.png","width":768,"height":474,"caption":"AWTA Limited"},"image":{"@id":"https:\/\/awta.com.au\/zh_cn\/#\/schema\/logo\/image\/"}}]}},"_links":{"self":[{"href":"https:\/\/awta.com.au\/it\/wp-json\/wp\/v2\/pages\/323","targetHints":{"allow":["GET"]}}],"collection":[{"href":"https:\/\/awta.com.au\/it\/wp-json\/wp\/v2\/pages"}],"about":[{"href":"https:\/\/awta.com.au\/it\/wp-json\/wp\/v2\/types\/page"}],"author":[{"embeddable":true,"href":"https:\/\/awta.com.au\/it\/wp-json\/wp\/v2\/users\/1"}],"replies":[{"embeddable":true,"href":"https:\/\/awta.com.au\/it\/wp-json\/wp\/v2\/comments?post=323"}],"version-history":[{"count":23,"href":"https:\/\/awta.com.au\/it\/wp-json\/wp\/v2\/pages\/323\/revisions"}],"predecessor-version":[{"id":2243,"href":"https:\/\/awta.com.au\/it\/wp-json\/wp\/v2\/pages\/323\/revisions\/2243"}],"up":[{"embeddable":true,"href":"https:\/\/awta.com.au\/it\/wp-json\/wp\/v2\/pages\/37"}],"wp:attachment":[{"href":"https:\/\/awta.com.au\/it\/wp-json\/wp\/v2\/media?parent=323"}],"curies":[{"name":"wp","href":"https:\/\/api.w.org\/{rel}","templated":true}]}}