{"id":52,"date":"2025-07-04T03:10:06","date_gmt":"2025-07-04T03:10:06","guid":{"rendered":"https:\/\/awta.swim.net.au\/?page_id=52"},"modified":"2025-12-22T00:45:44","modified_gmt":"2025-12-22T00:45:44","slug":"divisions","status":"publish","type":"page","link":"https:\/\/awta.com.au\/fr\/divisions\/","title":{"rendered":"Entreprises"},"content":{"rendered":"<div class=\"wp-block-group is-style-boxed is-layout-constrained wp-block-group-is-layout-constrained\">\n<h2 class=\"wp-block-heading is-style-underlined\">AWTA Laine brute<\/h2>\n\n\n\n<div class=\"wp-block-columns is-layout-flex wp-container-core-columns-is-layout-9d6595d7 wp-block-columns-is-layout-flex\">\n<div class=\"wp-block-column is-vertically-aligned-top is-layout-flow wp-block-column-is-layout-flow\">\n<p>Fournit des services ind\u00e9pendants et objectifs de certification de la laine. Les principaux services sont l'\u00e9chantillonnage, l'analyse et la certification du rendement, du diam\u00e8tre des fibres, de la teneur en mati\u00e8res v\u00e9g\u00e9tales, de la longueur et de la r\u00e9sistance des fibres de la laine grasse avant sa vente.<\/p>\n\n\n\n<div class=\"wp-block-buttons is-layout-flex wp-block-buttons-is-layout-flex\">\n<div class=\"wp-block-button learn-more\"><a class=\"wp-block-button__link wp-element-button\" href=\"https:\/\/awtawooltesting.com.au\" target=\"_blank\" rel=\"noreferrer noopener\">Visitez le site web de l'AWTA sur les tests de laine<\/a><\/div>\n<\/div>\n<\/div>\n\n\n\n<div class=\"wp-block-column is-vertically-aligned-top is-layout-flow wp-block-column-is-layout-flow\">\n<figure class=\"wp-block-image aligncenter size-full is-resized is-style-narrow\"><img loading=\"lazy\" decoding=\"async\" width=\"2560\" height=\"545\" src=\"https:\/\/awta.com.au\/app\/uploads\/2025\/10\/Raw-Wool-Colour-scaled.png\" alt=\"\" class=\"wp-image-1957\" style=\"width:453px;height:auto\" srcset=\"https:\/\/awta.com.au\/app\/uploads\/2025\/10\/Raw-Wool-Colour-scaled.png 2560w, https:\/\/awta.com.au\/app\/uploads\/2025\/10\/Raw-Wool-Colour-300x64.png 300w, https:\/\/awta.com.au\/app\/uploads\/2025\/10\/Raw-Wool-Colour-1024x218.png 1024w, https:\/\/awta.com.au\/app\/uploads\/2025\/10\/Raw-Wool-Colour-768x164.png 768w, https:\/\/awta.com.au\/app\/uploads\/2025\/10\/Raw-Wool-Colour-1536x327.png 1536w, https:\/\/awta.com.au\/app\/uploads\/2025\/10\/Raw-Wool-Colour-2048x436.png 2048w, https:\/\/awta.com.au\/app\/uploads\/2025\/10\/Raw-Wool-Colour-18x4.png 18w\" sizes=\"auto, (max-width: 2560px) 100vw, 2560px\" \/><\/figure>\n<\/div>\n<\/div>\n<\/div>\n\n\n\n<div class=\"wp-block-group is-style-boxed is-layout-constrained wp-block-group-is-layout-constrained\">\n<h2 class=\"wp-block-heading is-style-underlined\">Technologie agroalimentaire<\/h2>\n\n\n\n<div class=\"wp-block-columns is-layout-flex wp-container-core-columns-is-layout-9d6595d7 wp-block-columns-is-layout-flex\">\n<div class=\"wp-block-column is-vertically-aligned-top is-layout-flow wp-block-column-is-layout-flow\">\n<p>Laboratoire d'essais ind\u00e9pendant au service des industries de l'alimentation humaine et animale. Il fournit des services d'analyse \u00e0 l'industrie agricole dans divers domaines et services couvrant les march\u00e9s des c\u00e9r\u00e9ales, des fruits et l\u00e9gumes, de la viande, du sol, de l'eau, des engrais, des tissus v\u00e9g\u00e9taux, des aliments transform\u00e9s, des aliments pour animaux et de la meunerie.<\/p>\n\n\n\n<div class=\"wp-block-buttons is-layout-flex wp-block-buttons-is-layout-flex\">\n<div class=\"wp-block-button learn-more\"><a class=\"wp-block-button__link wp-element-button\" href=\"https:\/\/agrifood.com.au\" target=\"_blank\" rel=\"noreferrer noopener\">Visitez le site web de Agrifood Technology<\/a><\/div>\n<\/div>\n<\/div>\n\n\n\n<div class=\"wp-block-column is-vertically-aligned-top is-layout-flow wp-block-column-is-layout-flow\">\n<figure class=\"wp-block-image aligncenter size-full is-style-narrow\"><img loading=\"lazy\" decoding=\"async\" width=\"2560\" height=\"587\" src=\"https:\/\/awta.com.au\/app\/uploads\/2025\/10\/Agrifood-Colour-scaled.png\" alt=\"\" class=\"wp-image-1896\" style=\"object-fit:cover\" srcset=\"https:\/\/awta.com.au\/app\/uploads\/2025\/10\/Agrifood-Colour-scaled.png 2560w, https:\/\/awta.com.au\/app\/uploads\/2025\/10\/Agrifood-Colour-300x69.png 300w, https:\/\/awta.com.au\/app\/uploads\/2025\/10\/Agrifood-Colour-1024x235.png 1024w, https:\/\/awta.com.au\/app\/uploads\/2025\/10\/Agrifood-Colour-768x176.png 768w, https:\/\/awta.com.au\/app\/uploads\/2025\/10\/Agrifood-Colour-1536x352.png 1536w, https:\/\/awta.com.au\/app\/uploads\/2025\/10\/Agrifood-Colour-2048x470.png 2048w, https:\/\/awta.com.au\/app\/uploads\/2025\/10\/Agrifood-Colour-18x4.png 18w\" sizes=\"auto, (max-width: 2560px) 100vw, 2560px\" \/><\/figure>\n<\/div>\n<\/div>\n<\/div>\n\n\n\n<div class=\"wp-block-group is-style-boxed is-layout-constrained wp-block-group-is-layout-constrained\">\n<h2 class=\"wp-block-heading is-style-underlined\">Essais de produits de l'AWTA<\/h2>\n\n\n\n<div class=\"wp-block-columns is-layout-flex wp-container-core-columns-is-layout-9d6595d7 wp-block-columns-is-layout-flex\">\n<div class=\"wp-block-column is-vertically-aligned-top is-layout-flow wp-block-column-is-layout-flow\">\n<p>AWTA Product Testing offre des services d'essai complets et accr\u00e9dit\u00e9s \u00e0 un large \u00e9ventail d'industries sur les march\u00e9s australasiens et internationaux. Le laboratoire est sp\u00e9cialis\u00e9 dans l'inflammabilit\u00e9, la conductivit\u00e9 thermique, la spectrophotom\u00e9trie, la r\u00e9tro-r\u00e9flexion et le vieillissement acc\u00e9l\u00e9r\u00e9.<\/p>\n\n\n\n<div class=\"wp-block-buttons is-layout-flex wp-block-buttons-is-layout-flex\">\n<div class=\"wp-block-button learn-more\"><a class=\"wp-block-button__link wp-element-button\" href=\"https:\/\/awtaproducttesting.com.au\" target=\"_blank\" rel=\"noreferrer noopener\">Visitez le site web de l'AWTA consacr\u00e9 aux tests de produits<\/a><\/div>\n<\/div>\n<\/div>\n\n\n\n<div class=\"wp-block-column is-vertically-aligned-top is-layout-flow wp-block-column-is-layout-flow\">\n<figure class=\"wp-block-image aligncenter size-full is-resized is-style-narrow\"><img loading=\"lazy\" decoding=\"async\" width=\"2560\" height=\"372\" src=\"https:\/\/awta.com.au\/app\/uploads\/2025\/10\/PT-Colour-scaled.png\" alt=\"\" class=\"wp-image-1900\" style=\"object-fit:cover;width:413px;height:auto\" srcset=\"https:\/\/awta.com.au\/app\/uploads\/2025\/10\/PT-Colour-scaled.png 2560w, https:\/\/awta.com.au\/app\/uploads\/2025\/10\/PT-Colour-300x44.png 300w, https:\/\/awta.com.au\/app\/uploads\/2025\/10\/PT-Colour-1024x149.png 1024w, https:\/\/awta.com.au\/app\/uploads\/2025\/10\/PT-Colour-768x112.png 768w, https:\/\/awta.com.au\/app\/uploads\/2025\/10\/PT-Colour-1536x223.png 1536w, https:\/\/awta.com.au\/app\/uploads\/2025\/10\/PT-Colour-2048x298.png 2048w, https:\/\/awta.com.au\/app\/uploads\/2025\/10\/PT-Colour-18x3.png 18w\" sizes=\"auto, (max-width: 2560px) 100vw, 2560px\" \/><\/figure>\n<\/div>\n<\/div>\n<\/div>\n\n\n\n<div class=\"wp-block-group is-style-boxed is-layout-constrained wp-block-group-is-layout-constrained\">\n<h2 class=\"wp-block-heading is-style-underlined\">NZWTA<\/h2>\n\n\n\n<div class=\"wp-block-columns is-layout-flex wp-container-core-columns-is-layout-9d6595d7 wp-block-columns-is-layout-flex\">\n<div class=\"wp-block-column is-vertically-aligned-top is-layout-flow wp-block-column-is-layout-flow\">\n<p>NZWTA Ltd est le principal organisme de contr\u00f4le de la laine et des textiles en Nouvelle-Z\u00e9lande. Il fournit un service complet \u00e0 l'ensemble de l'industrie textile.<\/p>\n\n\n\n<div class=\"wp-block-buttons is-layout-flex wp-block-buttons-is-layout-flex\">\n<div class=\"wp-block-button learn-more\"><a class=\"wp-block-button__link wp-element-button\" href=\"https:\/\/nzwta.co.nz\/\" target=\"_blank\" rel=\"noreferrer noopener\">Visitez le site web de la NZWTA<\/a><\/div>\n<\/div>\n<\/div>\n\n\n\n<div class=\"wp-block-column is-vertically-aligned-top is-layout-flow wp-block-column-is-layout-flow\">\n<figure class=\"wp-block-image aligncenter size-full is-resized is-style-narrow\"><img loading=\"lazy\" decoding=\"async\" width=\"2560\" height=\"479\" src=\"https:\/\/awta.com.au\/app\/uploads\/2025\/10\/NZ-Colour-scaled.png\" alt=\"\" class=\"wp-image-1897\" style=\"object-fit:cover;width:268px;height:auto\" srcset=\"https:\/\/awta.com.au\/app\/uploads\/2025\/10\/NZ-Colour-scaled.png 2560w, https:\/\/awta.com.au\/app\/uploads\/2025\/10\/NZ-Colour-300x56.png 300w, https:\/\/awta.com.au\/app\/uploads\/2025\/10\/NZ-Colour-1024x192.png 1024w, https:\/\/awta.com.au\/app\/uploads\/2025\/10\/NZ-Colour-768x144.png 768w, https:\/\/awta.com.au\/app\/uploads\/2025\/10\/NZ-Colour-1536x287.png 1536w, https:\/\/awta.com.au\/app\/uploads\/2025\/10\/NZ-Colour-2048x383.png 2048w, https:\/\/awta.com.au\/app\/uploads\/2025\/10\/NZ-Colour-18x3.png 18w\" sizes=\"auto, (max-width: 2560px) 100vw, 2560px\" \/><\/figure>\n<\/div>\n<\/div>\n<\/div>\n\n\n\n<div class=\"wp-block-group is-style-boxed is-layout-constrained wp-block-group-is-layout-constrained\">\n<h2 class=\"wp-block-heading is-style-underlined\">JinAo<\/h2>\n\n\n\n<div class=\"wp-block-columns is-layout-flex wp-container-core-columns-is-layout-9d6595d7 wp-block-columns-is-layout-flex\">\n<div class=\"wp-block-column is-vertically-aligned-top is-layout-flow wp-block-column-is-layout-flow\">\n<p>L'AWTA et la Jiangsu Inspection Corporation (JSIC) g\u00e8rent le JinAo situ\u00e9 en Chine. JinAo est int\u00e9gr\u00e9 au Centre d'essai des produits industriels (IPTC) du CIQ Jiangsu. Le laboratoire constitue une base pour des essais r\u00e9put\u00e9s et ind\u00e9pendants de produits et de mati\u00e8res premi\u00e8res.<\/p>\n\n\n\n<div class=\"wp-block-buttons is-layout-flex wp-block-buttons-is-layout-flex\">\n<div class=\"wp-block-button learn-more\"><a class=\"wp-block-button__link wp-element-button\" href=\"http:\/\/www.jinao.org\/\" target=\"_blank\" rel=\"noreferrer noopener\">Visiter le site web de JinAo<\/a><\/div>\n<\/div>\n<\/div>\n\n\n\n<div class=\"wp-block-column is-vertically-aligned-top is-layout-flow wp-block-column-is-layout-flow\">\n<figure class=\"wp-block-image aligncenter size-full is-style-narrow\"><img loading=\"lazy\" decoding=\"async\" width=\"2560\" height=\"418\" src=\"https:\/\/awta.com.au\/app\/uploads\/2025\/10\/JinAo-Colour-scaled.png\" alt=\"\" class=\"wp-image-1899\" style=\"object-fit:cover\" srcset=\"https:\/\/awta.com.au\/app\/uploads\/2025\/10\/JinAo-Colour-scaled.png 2560w, https:\/\/awta.com.au\/app\/uploads\/2025\/10\/JinAo-Colour-300x49.png 300w, https:\/\/awta.com.au\/app\/uploads\/2025\/10\/JinAo-Colour-1024x167.png 1024w, https:\/\/awta.com.au\/app\/uploads\/2025\/10\/JinAo-Colour-768x125.png 768w, https:\/\/awta.com.au\/app\/uploads\/2025\/10\/JinAo-Colour-1536x251.png 1536w, https:\/\/awta.com.au\/app\/uploads\/2025\/10\/JinAo-Colour-2048x334.png 2048w, https:\/\/awta.com.au\/app\/uploads\/2025\/10\/JinAo-Colour-18x3.png 18w\" sizes=\"auto, (max-width: 2560px) 100vw, 2560px\" \/><\/figure>\n<\/div>\n<\/div>\n<\/div>\n\n\n\n<div style=\"height:3rem\" aria-hidden=\"true\" class=\"wp-block-spacer\"><\/div>","protected":false},"excerpt":{"rendered":"<p>AWTA Raw Wool Fournit des services ind\u00e9pendants et objectifs de certification de la laine. Les principaux services sont l'\u00e9chantillonnage, les tests et la certification du rendement, du diam\u00e8tre des fibres, de la...<\/p>","protected":false},"author":1,"featured_media":0,"parent":0,"menu_order":0,"comment_status":"closed","ping_status":"closed","template":"","meta":{"_acf_changed":false,"footnotes":""},"class_list":["post-52","page","type-page","status-publish","hentry"],"acf":[],"yoast_head":"<!-- This site is optimized with the Yoast SEO plugin v27.0 - https:\/\/yoast.com\/product\/yoast-seo-wordpress\/ -->\n<title>Businesses - AWTA Limited<\/title>\n<meta name=\"robots\" content=\"index, follow, max-snippet:-1, max-image-preview:large, max-video-preview:-1\" \/>\n<link rel=\"canonical\" href=\"https:\/\/awta.com.au\/fr\/divisions\/\" \/>\n<meta property=\"og:locale\" content=\"fr_FR\" \/>\n<meta property=\"og:type\" content=\"article\" \/>\n<meta property=\"og:title\" content=\"Businesses - AWTA Limited\" \/>\n<meta property=\"og:description\" content=\"AWTA Raw Wool Provides independent and objective wool certification services. Major services are sampling, testing and certifying the yield, fibre diameter, vegetable\u2026\" \/>\n<meta property=\"og:url\" content=\"https:\/\/awta.com.au\/fr\/divisions\/\" \/>\n<meta property=\"og:site_name\" content=\"AWTA Limited\" \/>\n<meta property=\"article:modified_time\" content=\"2025-12-22T00:45:44+00:00\" \/>\n<meta property=\"og:image\" content=\"https:\/\/awta.com.au\/app\/uploads\/2025\/10\/Raw-Wool-Colour-scaled.png\" \/>\n\t<meta property=\"og:image:width\" content=\"2560\" \/>\n\t<meta property=\"og:image:height\" content=\"545\" \/>\n\t<meta property=\"og:image:type\" content=\"image\/png\" \/>\n<meta name=\"twitter:card\" content=\"summary_large_image\" \/>\n<meta name=\"twitter:label1\" content=\"Est. reading time\" \/>\n\t<meta name=\"twitter:data1\" content=\"2 minutes\" \/>\n<script type=\"application\/ld+json\" class=\"yoast-schema-graph\">{\"@context\":\"https:\/\/schema.org\",\"@graph\":[{\"@type\":\"WebPage\",\"@id\":\"https:\/\/awta.com.au\/divisions\/\",\"url\":\"https:\/\/awta.com.au\/divisions\/\",\"name\":\"Businesses - AWTA Limited\",\"isPartOf\":{\"@id\":\"https:\/\/awta.com.au\/zh_cn\/#website\"},\"primaryImageOfPage\":{\"@id\":\"https:\/\/awta.com.au\/divisions\/#primaryimage\"},\"image\":{\"@id\":\"https:\/\/awta.com.au\/divisions\/#primaryimage\"},\"thumbnailUrl\":\"https:\/\/awta.com.au\/app\/uploads\/2025\/10\/Raw-Wool-Colour-scaled.png\",\"datePublished\":\"2025-07-04T03:10:06+00:00\",\"dateModified\":\"2025-12-22T00:45:44+00:00\",\"breadcrumb\":{\"@id\":\"https:\/\/awta.com.au\/divisions\/#breadcrumb\"},\"inLanguage\":\"fr-FR\",\"potentialAction\":[{\"@type\":\"ReadAction\",\"target\":[\"https:\/\/awta.com.au\/divisions\/\"]}]},{\"@type\":\"ImageObject\",\"inLanguage\":\"fr-FR\",\"@id\":\"https:\/\/awta.com.au\/divisions\/#primaryimage\",\"url\":\"https:\/\/awta.com.au\/app\/uploads\/2025\/10\/Raw-Wool-Colour-scaled.png\",\"contentUrl\":\"https:\/\/awta.com.au\/app\/uploads\/2025\/10\/Raw-Wool-Colour-scaled.png\"},{\"@type\":\"BreadcrumbList\",\"@id\":\"https:\/\/awta.com.au\/divisions\/#breadcrumb\",\"itemListElement\":[{\"@type\":\"ListItem\",\"position\":1,\"name\":\"Home\",\"item\":\"https:\/\/awta.com.au\/\"},{\"@type\":\"ListItem\",\"position\":2,\"name\":\"Businesses\"}]},{\"@type\":\"WebSite\",\"@id\":\"https:\/\/awta.com.au\/zh_cn\/#website\",\"url\":\"https:\/\/awta.com.au\/zh_cn\/\",\"name\":\"AWTA Limited\",\"description\":\"\",\"publisher\":{\"@id\":\"https:\/\/awta.com.au\/zh_cn\/#organization\"},\"potentialAction\":[{\"@type\":\"SearchAction\",\"target\":{\"@type\":\"EntryPoint\",\"urlTemplate\":\"https:\/\/awta.com.au\/zh_cn\/?s={search_term_string}\"},\"query-input\":{\"@type\":\"PropertyValueSpecification\",\"valueRequired\":true,\"valueName\":\"search_term_string\"}}],\"inLanguage\":\"fr-FR\"},{\"@type\":\"Organization\",\"@id\":\"https:\/\/awta.com.au\/zh_cn\/#organization\",\"name\":\"AWTA Limited\",\"url\":\"https:\/\/awta.com.au\/zh_cn\/\",\"logo\":{\"@type\":\"ImageObject\",\"inLanguage\":\"fr-FR\",\"@id\":\"https:\/\/awta.com.au\/zh_cn\/#\/schema\/logo\/image\/\",\"url\":\"https:\/\/awta.com.au\/app\/uploads\/2025\/06\/awta-default.png\",\"contentUrl\":\"https:\/\/awta.com.au\/app\/uploads\/2025\/06\/awta-default.png\",\"width\":768,\"height\":474,\"caption\":\"AWTA Limited\"},\"image\":{\"@id\":\"https:\/\/awta.com.au\/zh_cn\/#\/schema\/logo\/image\/\"}}]}<\/script>\n<!-- \/ Yoast SEO plugin. -->","yoast_head_json":{"title":"Entreprises - AWTA Limited","robots":{"index":"index","follow":"follow","max-snippet":"max-snippet:-1","max-image-preview":"max-image-preview:large","max-video-preview":"max-video-preview:-1"},"canonical":"https:\/\/awta.com.au\/fr\/divisions\/","og_locale":"fr_FR","og_type":"article","og_title":"Businesses - AWTA Limited","og_description":"AWTA Raw Wool Provides independent and objective wool certification services. Major services are sampling, testing and certifying the yield, fibre diameter, vegetable\u2026","og_url":"https:\/\/awta.com.au\/fr\/divisions\/","og_site_name":"AWTA Limited","article_modified_time":"2025-12-22T00:45:44+00:00","og_image":[{"width":2560,"height":545,"url":"https:\/\/awta.com.au\/app\/uploads\/2025\/10\/Raw-Wool-Colour-scaled.png","type":"image\/png"}],"twitter_card":"summary_large_image","twitter_misc":{"Est. reading time":"2 minutes"},"schema":{"@context":"https:\/\/schema.org","@graph":[{"@type":"WebPage","@id":"https:\/\/awta.com.au\/divisions\/","url":"https:\/\/awta.com.au\/divisions\/","name":"Entreprises - AWTA Limited","isPartOf":{"@id":"https:\/\/awta.com.au\/zh_cn\/#website"},"primaryImageOfPage":{"@id":"https:\/\/awta.com.au\/divisions\/#primaryimage"},"image":{"@id":"https:\/\/awta.com.au\/divisions\/#primaryimage"},"thumbnailUrl":"https:\/\/awta.com.au\/app\/uploads\/2025\/10\/Raw-Wool-Colour-scaled.png","datePublished":"2025-07-04T03:10:06+00:00","dateModified":"2025-12-22T00:45:44+00:00","breadcrumb":{"@id":"https:\/\/awta.com.au\/divisions\/#breadcrumb"},"inLanguage":"fr-FR","potentialAction":[{"@type":"ReadAction","target":["https:\/\/awta.com.au\/divisions\/"]}]},{"@type":"ImageObject","inLanguage":"fr-FR","@id":"https:\/\/awta.com.au\/divisions\/#primaryimage","url":"https:\/\/awta.com.au\/app\/uploads\/2025\/10\/Raw-Wool-Colour-scaled.png","contentUrl":"https:\/\/awta.com.au\/app\/uploads\/2025\/10\/Raw-Wool-Colour-scaled.png"},{"@type":"BreadcrumbList","@id":"https:\/\/awta.com.au\/divisions\/#breadcrumb","itemListElement":[{"@type":"ListItem","position":1,"name":"Home","item":"https:\/\/awta.com.au\/"},{"@type":"ListItem","position":2,"name":"Businesses"}]},{"@type":"WebSite","@id":"https:\/\/awta.com.au\/zh_cn\/#website","url":"https:\/\/awta.com.au\/zh_cn\/","name":"AWTA Limited","description":"","publisher":{"@id":"https:\/\/awta.com.au\/zh_cn\/#organization"},"potentialAction":[{"@type":"SearchAction","target":{"@type":"EntryPoint","urlTemplate":"https:\/\/awta.com.au\/zh_cn\/?s={search_term_string}"},"query-input":{"@type":"PropertyValueSpecification","valueRequired":true,"valueName":"search_term_string"}}],"inLanguage":"fr-FR"},{"@type":"Organization","@id":"https:\/\/awta.com.au\/zh_cn\/#organization","name":"AWTA Limited","url":"https:\/\/awta.com.au\/zh_cn\/","logo":{"@type":"ImageObject","inLanguage":"fr-FR","@id":"https:\/\/awta.com.au\/zh_cn\/#\/schema\/logo\/image\/","url":"https:\/\/awta.com.au\/app\/uploads\/2025\/06\/awta-default.png","contentUrl":"https:\/\/awta.com.au\/app\/uploads\/2025\/06\/awta-default.png","width":768,"height":474,"caption":"AWTA Limited"},"image":{"@id":"https:\/\/awta.com.au\/zh_cn\/#\/schema\/logo\/image\/"}}]}},"_links":{"self":[{"href":"https:\/\/awta.com.au\/fr\/wp-json\/wp\/v2\/pages\/52","targetHints":{"allow":["GET"]}}],"collection":[{"href":"https:\/\/awta.com.au\/fr\/wp-json\/wp\/v2\/pages"}],"about":[{"href":"https:\/\/awta.com.au\/fr\/wp-json\/wp\/v2\/types\/page"}],"author":[{"embeddable":true,"href":"https:\/\/awta.com.au\/fr\/wp-json\/wp\/v2\/users\/1"}],"replies":[{"embeddable":true,"href":"https:\/\/awta.com.au\/fr\/wp-json\/wp\/v2\/comments?post=52"}],"version-history":[{"count":99,"href":"https:\/\/awta.com.au\/fr\/wp-json\/wp\/v2\/pages\/52\/revisions"}],"predecessor-version":[{"id":2214,"href":"https:\/\/awta.com.au\/fr\/wp-json\/wp\/v2\/pages\/52\/revisions\/2214"}],"wp:attachment":[{"href":"https:\/\/awta.com.au\/fr\/wp-json\/wp\/v2\/media?parent=52"}],"curies":[{"name":"wp","href":"https:\/\/api.w.org\/{rel}","templated":true}]}}