{"id":37,"date":"2025-07-04T03:07:56","date_gmt":"2025-07-04T03:07:56","guid":{"rendered":"https:\/\/awta.swim.net.au\/?page_id=37"},"modified":"2025-12-23T01:49:45","modified_gmt":"2025-12-23T01:49:45","slug":"a-propos-de","status":"publish","type":"page","link":"https:\/\/awta.com.au\/fr\/a-propos-de\/","title":{"rendered":"A propos de"},"content":{"rendered":"<div class=\"wp-block-group is-style-boxed is-layout-constrained wp-block-group-is-layout-constrained\">\n<div class=\"wp-block-columns is-layout-flex wp-container-core-columns-is-layout-9d6595d7 wp-block-columns-is-layout-flex\">\n<div class=\"wp-block-column is-vertically-aligned-center is-layout-flow wp-block-column-is-layout-flow\">\n<h2 class=\"wp-block-heading\">Fonctionnement pour les 65 ans et plus<\/h2>\n\n\n\n<div style=\"height:20px\" aria-hidden=\"true\" class=\"wp-block-spacer\"><\/div>\n\n\n\n<p>AWTA Ltd (Australian Wool Testing Authority) est le plus grand organisme de contr\u00f4le de la laine au monde.<br>&nbsp;<br>En tant que groupe consolid\u00e9, AWTA comprend trois divisions op\u00e9rationnelles en Australie (AWTA Raw Wool, AWTA Product Testing et Agrifood Technology), sa filiale \u00e0 100 % NZWTA et son entreprise commune, JinAo Testing Company.<br>&nbsp;<br>AWTA Ltd est synonyme de transformation de la production, de la commercialisation, de l'\u00e9valuation et de la transformation de la laine, qui est pass\u00e9e d'un syst\u00e8me d'\u00e9valuation subjective \u00e0 un syst\u00e8me d'\u00e9valuation objective.<\/p>\n\n\n\n<p>L'AWTA a jou\u00e9 un r\u00f4le majeur en jetant un pont entre la recherche et l'application commerciale de la technologie d'essai, en facilitant la poursuite de la recherche et du d\u00e9veloppement, en parrainant et en participant \u00e0 des essais pratiques, en d\u00e9veloppant et en mettant en \u0153uvre des normes, des proc\u00e9dures, des m\u00e9thodes et des technologies nationales et internationales pertinentes, offrant ainsi des avantages majeurs \u00e0 tous les segments de l'industrie de la laine en Australie et \u00e0 l'\u00e9tranger.<\/p>\n<\/div>\n\n\n\n<div class=\"wp-block-column is-vertically-aligned-center is-layout-flow wp-block-column-is-layout-flow\">\n<figure class=\"wp-block-image size-large\"><img loading=\"lazy\" decoding=\"async\" width=\"1024\" height=\"722\" src=\"https:\/\/awta.com.au\/app\/uploads\/2025\/11\/Wool-Hands-1024x722.jpg\" alt=\"\" class=\"wp-image-2027\" srcset=\"https:\/\/awta.com.au\/app\/uploads\/2025\/11\/Wool-Hands-1024x722.jpg 1024w, https:\/\/awta.com.au\/app\/uploads\/2025\/11\/Wool-Hands-300x212.jpg 300w, https:\/\/awta.com.au\/app\/uploads\/2025\/11\/Wool-Hands-768x542.jpg 768w, https:\/\/awta.com.au\/app\/uploads\/2025\/11\/Wool-Hands-18x12.jpg 18w, https:\/\/awta.com.au\/app\/uploads\/2025\/11\/Wool-Hands.jpg 1219w\" sizes=\"auto, (max-width: 1024px) 100vw, 1024px\" \/><\/figure>\n<\/div>\n<\/div>\n<\/div>\n\n\n\n<div class=\"wp-block-group is-style-boxed is-layout-constrained wp-block-group-is-layout-constrained\">\n<div class=\"wp-block-columns is-style-mobile-reverse is-layout-flex wp-container-core-columns-is-layout-9d6595d7 wp-block-columns-is-layout-flex\">\n<div class=\"wp-block-column is-vertically-aligned-center is-layout-flow wp-block-column-is-layout-flow\">\n<figure class=\"wp-block-image size-large\"><img loading=\"lazy\" decoding=\"async\" width=\"1024\" height=\"695\" src=\"https:\/\/awta.com.au\/app\/uploads\/2025\/08\/Frame-68-3-1024x695.png\" alt=\"\" class=\"wp-image-262\" srcset=\"https:\/\/awta.com.au\/app\/uploads\/2025\/08\/Frame-68-3-1024x695.png 1024w, https:\/\/awta.com.au\/app\/uploads\/2025\/08\/Frame-68-3-300x204.png 300w, https:\/\/awta.com.au\/app\/uploads\/2025\/08\/Frame-68-3-768x522.png 768w, https:\/\/awta.com.au\/app\/uploads\/2025\/08\/Frame-68-3-1536x1043.png 1536w, https:\/\/awta.com.au\/app\/uploads\/2025\/08\/Frame-68-3-2048x1391.png 2048w, https:\/\/awta.com.au\/app\/uploads\/2025\/08\/Frame-68-3.png 2144w\" sizes=\"auto, (max-width: 1024px) 100vw, 1024px\" \/><\/figure>\n<\/div>\n\n\n\n<div class=\"wp-block-column is-vertically-aligned-center is-layout-flow wp-block-column-is-layout-flow\">\n<p>En cons\u00e9quence :<\/p>\n\n\n\n<ul class=\"wp-block-list\">\n<li>La quasi-totalit\u00e9 de la laine australienne est d\u00e9sormais mesur\u00e9e avant d'\u00eatre vendue.<br><\/li>\n\n\n\n<li>La laine est pr\u00e9par\u00e9e pour la vente selon des normes de pr\u00e9paration objectives plut\u00f4t que subjectives, certains producteurs pr\u00e9parant des lignes class\u00e9es sur la base de mesures individuelles de la toison.<br><\/li>\n\n\n\n<li>La laine est g\u00e9n\u00e9ralement pr\u00e9sent\u00e9e \u00e0 la vente dans des bo\u00eetes d'\u00e9chantillons plut\u00f4t que dans les anciennes techniques d'exposition.<br><\/li>\n\n\n\n<li>La laine est \u00e9valu\u00e9e et achet\u00e9e \u00e0 l'aide de mesures r\u00e9elles du diam\u00e8tre des fibres, du rendement, de la teneur en mati\u00e8res v\u00e9g\u00e9tales, de la longueur, de la r\u00e9sistance et parfois de la couleur.<\/li>\n<\/ul>\n\n\n\n<p>La mesure a \u00e9galement facilit\u00e9 l'expansion \u00e9lectronique du traitement des donn\u00e9es et des rapports de march\u00e9, ainsi que la cr\u00e9ation de bases de donn\u00e9es de ventes aux ench\u00e8res et d'agrafes individuelles qui fournissent des informations incomparables et exhaustives \u00e0 tous les segments de l'industrie, chacun ayant un acc\u00e8s \u00e9gal \u00e0 ces informations sur une base commerciale.<br>&nbsp;<br>Aujourd'hui, les transformateurs de laine peuvent s'attendre en toute confiance \u00e0 ce que la laine achet\u00e9e selon leurs sp\u00e9cifications de prix et de transformation, avec l'avantage de la certification AWTA, r\u00e9ponde \u00e0 leurs exigences, et les producteurs sont assur\u00e9s d'\u00eatre pay\u00e9s en fonction de la sp\u00e9cification objective de leur laine.<\/p>\n<\/div>\n<\/div>\n<\/div>\n\n\n\n<div id=\"history\" class=\"wp-block-group is-style-boxed has-light-gray-background-color has-background is-layout-constrained wp-block-group-is-layout-constrained\">\n<div class=\"wp-block-columns is-layout-flex wp-container-core-columns-is-layout-9d6595d7 wp-block-columns-is-layout-flex\">\n<div class=\"wp-block-column is-vertically-aligned-center is-layout-flow wp-block-column-is-layout-flow\">\n<h2 class=\"wp-block-heading\">L'histoire<\/h2>\n\n\n\n<p>L'Australian Wool Testing Authority a \u00e9t\u00e9 cr\u00e9\u00e9e en 1957 par le gouvernement du Commonwealth en r\u00e9ponse aux demandes de l'industrie laini\u00e8re australienne. Il s'agit d'une autorit\u00e9 statutaire d\u00e9pendant du ministre de l'industrie primaire. La premi\u00e8re r\u00e9union de l'Autorit\u00e9 s'est tenue le 12 d\u00e9cembre 1957.<br><br>Apr\u00e8s la cr\u00e9ation de l'Australian Wool Board en 1962, l'AWTA a \u00e9t\u00e9 cr\u00e9\u00e9e en tant que division distincte au sein de cette organisation le 1er juillet 1963. L'AWTA a conserv\u00e9 le m\u00eame statut au sein de l'Australian Wool Corporation lorsque celle-ci a \u00e9t\u00e9 cr\u00e9\u00e9e par la fusion de l'Australian Wool Board et de l'Australian Wool Commission le 1er janvier 1973.<br>&nbsp;<br>AWTA Ltd a \u00e9t\u00e9 cr\u00e9\u00e9e en tant que soci\u00e9t\u00e9 \u00e0 responsabilit\u00e9 limit\u00e9e par garantie le 14 mai 1982 \u00e0 la suite d'une d\u00e9cision du gouvernement australien de transf\u00e9rer les fonctions de l'Australian Wool Testing Authority (AWTA), organisme statutaire, au secteur public. Apr\u00e8s presque 25 ans d'activit\u00e9, le gouvernement et l'industrie ont estim\u00e9 qu'il n'\u00e9tait pas n\u00e9cessaire que l'AWTA continue \u00e0 avoir des liens avec le gouvernement, d'autant plus qu'elle \u00e9tait contr\u00f4l\u00e9e par l'industrie laini\u00e8re et financ\u00e9e par les services commerciaux qu'elle fournissait \u00e0 l'industrie, et non par le gouvernement ou d'autres pr\u00e9l\u00e8vements.<br>&nbsp;<br>En avril 1982, les m\u00eames int\u00e9r\u00eats de l'industrie laini\u00e8re qui constituaient l'AWTA en tant qu'organe statutaire ont form\u00e9 une soci\u00e9t\u00e9 anonyme \u00e0 responsabilit\u00e9 limit\u00e9e pour acqu\u00e9rir tous les actifs et passifs de l'organe statutaire.<br>AWTA Ltd a commenc\u00e9 ses activit\u00e9s le 1er juillet 1982, date \u00e0 laquelle elle a repris toutes les fonctions ant\u00e9rieures de l'AWTA.<\/p>\n\n\n\n<p><strong><em>Cliquez ici pour en savoir plus sur l'histoire de l'AWTA (auteur : David J Ward OAM) :<\/em><\/strong><\/p>\n\n\n\n<p><strong><a href=\"https:\/\/heyzine.com\/flip-book\/ed7296cb19.html\">Historique de l'autorit\u00e9 statutaire charg\u00e9e du contr\u00f4le de la laine en Australie (1957 - 1982)<\/a><\/strong><\/p>\n<\/div>\n\n\n\n<div class=\"wp-block-column is-vertically-aligned-center is-layout-flow wp-block-column-is-layout-flow\">\n<figure class=\"wp-block-image size-large\"><img loading=\"lazy\" decoding=\"async\" width=\"889\" height=\"1024\" src=\"https:\/\/awta.com.au\/app\/uploads\/2025\/08\/Frame-68-4-889x1024.png\" alt=\"\" class=\"wp-image-267\" srcset=\"https:\/\/awta.com.au\/app\/uploads\/2025\/08\/Frame-68-4-889x1024.png 889w, https:\/\/awta.com.au\/app\/uploads\/2025\/08\/Frame-68-4-260x300.png 260w, https:\/\/awta.com.au\/app\/uploads\/2025\/08\/Frame-68-4-768x885.png 768w, https:\/\/awta.com.au\/app\/uploads\/2025\/08\/Frame-68-4-1334x1536.png 1334w, https:\/\/awta.com.au\/app\/uploads\/2025\/08\/Frame-68-4-1778x2048.png 1778w, https:\/\/awta.com.au\/app\/uploads\/2025\/08\/Frame-68-4.png 1976w\" sizes=\"auto, (max-width: 889px) 100vw, 889px\" \/><\/figure>\n<\/div>\n<\/div>\n<\/div>\n\n\n\n<div id=\"objectives\" class=\"wp-block-group is-style-boxed-narrow is-layout-constrained wp-block-group-is-layout-constrained\">\n<h2 class=\"wp-block-heading\">Objectifs<\/h2>\n\n\n\n<div style=\"height:20px\" aria-hidden=\"true\" class=\"wp-block-spacer\"><\/div>\n\n\n\n<p class=\"is-style-no-paddings\">Les objectifs pour lesquels la soci\u00e9t\u00e9 a \u00e9t\u00e9 cr\u00e9\u00e9e \u00e9taient et sont toujours inscrits dans son m\u00e9morandum. Ils sont les suivants :<\/p>\n\n\n\n<p><\/p>\n\n\n\n<ol class=\"wp-block-list\">\n<li>Promouvoir les ventes de laine australienne en encourageant la croissance et l'utilisation de mesures objectives de la laine, en particulier par des tests avant la vente.<\/li>\n\n\n\n<li>Pour tester la laine et les autres fibres, naturelles ou non, ainsi que les produits en laine et les produits similaires fabriqu\u00e9s enti\u00e8rement ou partiellement \u00e0 partir d'autres fibres.<\/li>\n\n\n\n<li>Fournir un service de test pr\u00e9cis et impartial bas\u00e9 sur des normes de test internationalement reconnues afin de contribuer \u00e0 une commercialisation efficace de la laine.<\/li>\n\n\n\n<li>Mener des recherches sur la laine, les fibres et les textiles et\/ou effectuer des tests sur d'autres mat\u00e9riaux et produits lorsque ces activit\u00e9s aident ou promeuvent le d\u00e9veloppement des ressources pastorales, agricoles, manufacturi\u00e8res ou industrielles de l'Australie.<\/li>\n\n\n\n<li>Maximiser le revenu net de l'industrie laini\u00e8re australienne en encourageant l'application optimale de la mesure objective de la laine par les producteurs de laine, les courtiers, les acheteurs et les transformateurs locaux et \u00e9trangers.<\/li>\n\n\n\n<li>Optimiser la productivit\u00e9 de l'industrie laini\u00e8re par la recherche et la mise en \u0153uvre de nouveaux syst\u00e8mes et technologies.<\/li>\n\n\n\n<li>Cr\u00e9er, \u00e9quiper et entretenir des laboratoires, des ateliers et d'autres lieux adapt\u00e9s aux activit\u00e9s d'essai et de recherche.<\/li>\n\n\n\n<li>Fournir et encourager la fourniture de services de traitement des donn\u00e9es visant \u00e0 une commercialisation plus efficace de la laine.<\/li>\n\n\n\n<li>D'une mani\u00e8re g\u00e9n\u00e9rale, promouvoir et favoriser un contr\u00f4le plus efficace de la laine selon les besoins de l'industrie laini\u00e8re et textile, \u00e0 un co\u00fbt minimum.<\/li>\n\n\n\n<li>Fournir des certificats et \u00e9tablir des rapports concernant les essais et les recherches effectu\u00e9s par l'Autorit\u00e9.<\/li>\n<\/ol>\n<\/div>\n\n\n\n<div id=\"mission-vision\" class=\"wp-block-group is-style-full-width has-brick-red-background-color has-background is-layout-constrained wp-block-group-is-layout-constrained\">\n<div class=\"wp-block-columns is-layout-flex wp-container-core-columns-is-layout-9d6595d7 wp-block-columns-is-layout-flex\">\n<div class=\"wp-block-column is-layout-flow wp-block-column-is-layout-flow\">\n<h2 class=\"wp-block-heading has-white-color has-text-color has-link-color wp-elements-9c37077c4ed64e3d146ac09385a22557\">Notre mission<\/h2>\n\n\n\n<div style=\"height:20px\" aria-hidden=\"true\" class=\"wp-block-spacer\"><\/div>\n\n\n\n<p class=\"has-white-color has-text-color has-link-color wp-elements-db76a89aaa98dded6697d104d9897cb6\">Aider ou promouvoir le d\u00e9veloppement des ressources pastorales, agricoles, manufacturi\u00e8res et industrielles de l'Australie, notamment en fournissant des donn\u00e9es objectives et ind\u00e9pendantes et des services d'information qui faciliteront la production, la commercialisation et la transformation efficaces de la laine, d'autres fibres, de produits textiles et de mat\u00e9riaux connexes.<\/p>\n<\/div>\n\n\n\n<div class=\"wp-block-column is-layout-flow wp-block-column-is-layout-flow\">\n<h2 class=\"wp-block-heading has-white-color has-text-color has-link-color wp-elements-a284fea2b7179e578737fbaf119a013c\">Notre vision<\/h2>\n\n\n\n<div style=\"height:20px\" aria-hidden=\"true\" class=\"wp-block-spacer\"><\/div>\n\n\n\n<p class=\"has-white-color has-text-color has-link-color wp-elements-2a9f964cbbb6a894c0cc13689dd7cb0e\">Maintenir une r\u00e9putation nationale et internationale d'expertise technique, d'ind\u00e9pendance commerciale et d'int\u00e9grit\u00e9 professionnelle en fournissant \u00e0 nos clients des services d'\u00e9chantillonnage, d'essai et de certification pr\u00e9cis, impartiaux et efficaces.<\/p>\n<\/div>\n<\/div>\n<\/div>\n\n\n\n<div class=\"wp-block-group is-style-boxed-narrow is-layout-constrained wp-block-group-is-layout-constrained\">\n<h2 class=\"wp-block-heading\">Nos valeurs<\/h2>\n\n\n\n<div style=\"height:20px\" aria-hidden=\"true\" class=\"wp-block-spacer\"><\/div>\n\n\n\n<ul class=\"wp-block-list\">\n<li>Maintenir l'excellence technique en tirant le meilleur parti des technologies \u00e9mergentes et en fournissant au personnel les connaissances, les comp\u00e9tences et l'\u00e9quipement n\u00e9cessaires pour am\u00e9liorer le service \u00e0 la client\u00e8le et r\u00e9duire les co\u00fbts.<\/li>\n\n\n\n<li>Garantir l'ind\u00e9pendance commerciale dans toutes les activit\u00e9s.<\/li>\n\n\n\n<li>Insister sur l'int\u00e9grit\u00e9 professionnelle au sein de l'entreprise, en restant impartial et en \u00e9vitant les conflits d'int\u00e9r\u00eats.<\/li>\n\n\n\n<li>\u00catre vigilant et r\u00e9actif, en suivant et en comprenant l'\u00e9volution des besoins des clients.<\/li>\n\n\n\n<li>Veiller \u00e0 ce qu'un plan de continuit\u00e9 des activit\u00e9s fiable soit en place, afin de minimiser les perturbations du processus de commercialisation de la laine en cas de catastrophe.<\/li>\n\n\n\n<li>Favoriser des relations industrielles saines, fond\u00e9es sur le respect mutuel et la reconnaissance des int\u00e9r\u00eats communs \u00e0 tous les employ\u00e9s et cadres.<\/li>\n\n\n\n<li>aspirer \u00e0 fournir un environnement de travail s\u00fbr et satisfaisant, qui encourage la participation des employ\u00e9s et qui est soutenu par des programmes de formation et de d\u00e9veloppement appropri\u00e9s.<\/li>\n\n\n\n<li>S'efforcer de respecter toutes les obligations l\u00e9gales et morales d'une entreprise citoyenne.<\/li>\n\n\n\n<li>Adopter des strat\u00e9gies commerciales qui transf\u00e8rent les avantages en termes de r\u00e9duction des co\u00fbts d\u00e9coulant de l'exon\u00e9ration de l'imp\u00f4t sur le revenu de la soci\u00e9t\u00e9, afin d'aider ou de promouvoir le d\u00e9veloppement des ressources industrielles pertinentes de l'Australie.<\/li>\n<\/ul>\n<\/div>","protected":false},"excerpt":{"rendered":"<p>En activit\u00e9 depuis plus de 65 ans AWTA Ltd (Australian Wool Testing Authority) est la plus grande organisation de contr\u00f4le de la laine au monde. En tant que groupe consolid\u00e9, AWTA comprend...<\/p>","protected":false},"author":1,"featured_media":0,"parent":0,"menu_order":0,"comment_status":"closed","ping_status":"closed","template":"","meta":{"_acf_changed":false,"footnotes":""},"class_list":["post-37","page","type-page","status-publish","hentry"],"acf":[],"yoast_head":"<!-- This site is optimized with the Yoast SEO plugin v27.0 - https:\/\/yoast.com\/product\/yoast-seo-wordpress\/ -->\n<title>About - AWTA Limited<\/title>\n<meta name=\"robots\" content=\"index, follow, max-snippet:-1, max-image-preview:large, max-video-preview:-1\" \/>\n<link rel=\"canonical\" href=\"https:\/\/awta.com.au\/fr\/a-propos-de\/\" \/>\n<meta property=\"og:locale\" content=\"fr_FR\" \/>\n<meta property=\"og:type\" content=\"article\" \/>\n<meta property=\"og:title\" content=\"About - AWTA Limited\" \/>\n<meta property=\"og:description\" content=\"Operating For 65+ Years AWTA Ltd (Australian Wool Testing Authority) is the largest wool testing organisation in the world.&nbsp;As a consolidated group, AWTA comprise\u2026\" \/>\n<meta property=\"og:url\" content=\"https:\/\/awta.com.au\/fr\/a-propos-de\/\" \/>\n<meta property=\"og:site_name\" content=\"AWTA Limited\" \/>\n<meta property=\"article:modified_time\" content=\"2025-12-23T01:49:45+00:00\" \/>\n<meta property=\"og:image\" content=\"https:\/\/awta.com.au\/app\/uploads\/2025\/11\/Wool-Hands.jpg\" \/>\n\t<meta property=\"og:image:width\" content=\"1219\" \/>\n\t<meta property=\"og:image:height\" content=\"860\" \/>\n\t<meta property=\"og:image:type\" content=\"image\/jpeg\" \/>\n<meta name=\"twitter:card\" content=\"summary_large_image\" \/>\n<meta name=\"twitter:label1\" content=\"Est. reading time\" \/>\n\t<meta name=\"twitter:data1\" content=\"6 minutes\" \/>\n<script type=\"application\/ld+json\" class=\"yoast-schema-graph\">{\"@context\":\"https:\/\/schema.org\",\"@graph\":[{\"@type\":\"WebPage\",\"@id\":\"https:\/\/awta.com.au\/about\/\",\"url\":\"https:\/\/awta.com.au\/about\/\",\"name\":\"About - AWTA Limited\",\"isPartOf\":{\"@id\":\"https:\/\/awta.com.au\/zh_cn\/#website\"},\"primaryImageOfPage\":{\"@id\":\"https:\/\/awta.com.au\/about\/#primaryimage\"},\"image\":{\"@id\":\"https:\/\/awta.com.au\/about\/#primaryimage\"},\"thumbnailUrl\":\"https:\/\/awta.com.au\/app\/uploads\/2025\/11\/Wool-Hands-1024x722.jpg\",\"datePublished\":\"2025-07-04T03:07:56+00:00\",\"dateModified\":\"2025-12-23T01:49:45+00:00\",\"breadcrumb\":{\"@id\":\"https:\/\/awta.com.au\/about\/#breadcrumb\"},\"inLanguage\":\"fr-FR\",\"potentialAction\":[{\"@type\":\"ReadAction\",\"target\":[\"https:\/\/awta.com.au\/about\/\"]}]},{\"@type\":\"ImageObject\",\"inLanguage\":\"fr-FR\",\"@id\":\"https:\/\/awta.com.au\/about\/#primaryimage\",\"url\":\"https:\/\/awta.com.au\/app\/uploads\/2025\/11\/Wool-Hands-1024x722.jpg\",\"contentUrl\":\"https:\/\/awta.com.au\/app\/uploads\/2025\/11\/Wool-Hands-1024x722.jpg\"},{\"@type\":\"BreadcrumbList\",\"@id\":\"https:\/\/awta.com.au\/about\/#breadcrumb\",\"itemListElement\":[{\"@type\":\"ListItem\",\"position\":1,\"name\":\"Home\",\"item\":\"https:\/\/awta.com.au\/\"},{\"@type\":\"ListItem\",\"position\":2,\"name\":\"About\"}]},{\"@type\":\"WebSite\",\"@id\":\"https:\/\/awta.com.au\/zh_cn\/#website\",\"url\":\"https:\/\/awta.com.au\/zh_cn\/\",\"name\":\"AWTA Limited\",\"description\":\"\",\"publisher\":{\"@id\":\"https:\/\/awta.com.au\/zh_cn\/#organization\"},\"potentialAction\":[{\"@type\":\"SearchAction\",\"target\":{\"@type\":\"EntryPoint\",\"urlTemplate\":\"https:\/\/awta.com.au\/zh_cn\/?s={search_term_string}\"},\"query-input\":{\"@type\":\"PropertyValueSpecification\",\"valueRequired\":true,\"valueName\":\"search_term_string\"}}],\"inLanguage\":\"fr-FR\"},{\"@type\":\"Organization\",\"@id\":\"https:\/\/awta.com.au\/zh_cn\/#organization\",\"name\":\"AWTA Limited\",\"url\":\"https:\/\/awta.com.au\/zh_cn\/\",\"logo\":{\"@type\":\"ImageObject\",\"inLanguage\":\"fr-FR\",\"@id\":\"https:\/\/awta.com.au\/zh_cn\/#\/schema\/logo\/image\/\",\"url\":\"https:\/\/awta.com.au\/app\/uploads\/2025\/06\/awta-default.png\",\"contentUrl\":\"https:\/\/awta.com.au\/app\/uploads\/2025\/06\/awta-default.png\",\"width\":768,\"height\":474,\"caption\":\"AWTA Limited\"},\"image\":{\"@id\":\"https:\/\/awta.com.au\/zh_cn\/#\/schema\/logo\/image\/\"}}]}<\/script>\n<!-- \/ Yoast SEO plugin. -->","yoast_head_json":{"title":"\u00c0 propos - AWTA Limited","robots":{"index":"index","follow":"follow","max-snippet":"max-snippet:-1","max-image-preview":"max-image-preview:large","max-video-preview":"max-video-preview:-1"},"canonical":"https:\/\/awta.com.au\/fr\/a-propos-de\/","og_locale":"fr_FR","og_type":"article","og_title":"About - AWTA Limited","og_description":"Operating For 65+ Years AWTA Ltd (Australian Wool Testing Authority) is the largest wool testing organisation in the world.&nbsp;As a consolidated group, AWTA comprise\u2026","og_url":"https:\/\/awta.com.au\/fr\/a-propos-de\/","og_site_name":"AWTA Limited","article_modified_time":"2025-12-23T01:49:45+00:00","og_image":[{"width":1219,"height":860,"url":"https:\/\/awta.com.au\/app\/uploads\/2025\/11\/Wool-Hands.jpg","type":"image\/jpeg"}],"twitter_card":"summary_large_image","twitter_misc":{"Est. reading time":"6 minutes"},"schema":{"@context":"https:\/\/schema.org","@graph":[{"@type":"WebPage","@id":"https:\/\/awta.com.au\/about\/","url":"https:\/\/awta.com.au\/about\/","name":"\u00c0 propos - AWTA Limited","isPartOf":{"@id":"https:\/\/awta.com.au\/zh_cn\/#website"},"primaryImageOfPage":{"@id":"https:\/\/awta.com.au\/about\/#primaryimage"},"image":{"@id":"https:\/\/awta.com.au\/about\/#primaryimage"},"thumbnailUrl":"https:\/\/awta.com.au\/app\/uploads\/2025\/11\/Wool-Hands-1024x722.jpg","datePublished":"2025-07-04T03:07:56+00:00","dateModified":"2025-12-23T01:49:45+00:00","breadcrumb":{"@id":"https:\/\/awta.com.au\/about\/#breadcrumb"},"inLanguage":"fr-FR","potentialAction":[{"@type":"ReadAction","target":["https:\/\/awta.com.au\/about\/"]}]},{"@type":"ImageObject","inLanguage":"fr-FR","@id":"https:\/\/awta.com.au\/about\/#primaryimage","url":"https:\/\/awta.com.au\/app\/uploads\/2025\/11\/Wool-Hands-1024x722.jpg","contentUrl":"https:\/\/awta.com.au\/app\/uploads\/2025\/11\/Wool-Hands-1024x722.jpg"},{"@type":"BreadcrumbList","@id":"https:\/\/awta.com.au\/about\/#breadcrumb","itemListElement":[{"@type":"ListItem","position":1,"name":"Home","item":"https:\/\/awta.com.au\/"},{"@type":"ListItem","position":2,"name":"About"}]},{"@type":"WebSite","@id":"https:\/\/awta.com.au\/zh_cn\/#website","url":"https:\/\/awta.com.au\/zh_cn\/","name":"AWTA Limited","description":"","publisher":{"@id":"https:\/\/awta.com.au\/zh_cn\/#organization"},"potentialAction":[{"@type":"SearchAction","target":{"@type":"EntryPoint","urlTemplate":"https:\/\/awta.com.au\/zh_cn\/?s={search_term_string}"},"query-input":{"@type":"PropertyValueSpecification","valueRequired":true,"valueName":"search_term_string"}}],"inLanguage":"fr-FR"},{"@type":"Organization","@id":"https:\/\/awta.com.au\/zh_cn\/#organization","name":"AWTA Limited","url":"https:\/\/awta.com.au\/zh_cn\/","logo":{"@type":"ImageObject","inLanguage":"fr-FR","@id":"https:\/\/awta.com.au\/zh_cn\/#\/schema\/logo\/image\/","url":"https:\/\/awta.com.au\/app\/uploads\/2025\/06\/awta-default.png","contentUrl":"https:\/\/awta.com.au\/app\/uploads\/2025\/06\/awta-default.png","width":768,"height":474,"caption":"AWTA Limited"},"image":{"@id":"https:\/\/awta.com.au\/zh_cn\/#\/schema\/logo\/image\/"}}]}},"_links":{"self":[{"href":"https:\/\/awta.com.au\/fr\/wp-json\/wp\/v2\/pages\/37","targetHints":{"allow":["GET"]}}],"collection":[{"href":"https:\/\/awta.com.au\/fr\/wp-json\/wp\/v2\/pages"}],"about":[{"href":"https:\/\/awta.com.au\/fr\/wp-json\/wp\/v2\/types\/page"}],"author":[{"embeddable":true,"href":"https:\/\/awta.com.au\/fr\/wp-json\/wp\/v2\/users\/1"}],"replies":[{"embeddable":true,"href":"https:\/\/awta.com.au\/fr\/wp-json\/wp\/v2\/comments?post=37"}],"version-history":[{"count":57,"href":"https:\/\/awta.com.au\/fr\/wp-json\/wp\/v2\/pages\/37\/revisions"}],"predecessor-version":[{"id":2248,"href":"https:\/\/awta.com.au\/fr\/wp-json\/wp\/v2\/pages\/37\/revisions\/2248"}],"wp:attachment":[{"href":"https:\/\/awta.com.au\/fr\/wp-json\/wp\/v2\/media?parent=37"}],"curies":[{"name":"wp","href":"https:\/\/api.w.org\/{rel}","templated":true}]}}