{"id":323,"date":"2025-08-04T02:01:45","date_gmt":"2025-08-04T02:01:45","guid":{"rendered":"https:\/\/awta.swim.net.au\/?page_id=323"},"modified":"2025-12-23T00:20:24","modified_gmt":"2025-12-23T00:20:24","slug":"gouvernance","status":"publish","type":"page","link":"https:\/\/awta.com.au\/fr\/a-propos-de\/gouvernance\/","title":{"rendered":"Gouvernance"},"content":{"rendered":"<div class=\"wp-block-group is-style-boxed-narrow is-layout-constrained wp-block-group-is-layout-constrained\" style=\"padding-bottom:var(--wp--preset--spacing--70)\">\n<h2 class=\"wp-block-heading\" style=\"padding-bottom:0\">Charte de gouvernance d'entreprise<\/h2>\n\n\n\n<p>Bien qu'AWTA Ltd ne soit pas une soci\u00e9t\u00e9 cot\u00e9e en bourse, elle suit les principes et recommandations de l'ASX en mati\u00e8re de gouvernance d'entreprise, lorsque cela s'applique \u00e0 sa structure.<br>&nbsp;<br>Le conseil d'administration est responsable de la gouvernance globale de l'entreprise, y compris de son orientation strat\u00e9gique, de ses principales politiques et de ses objectifs financiers. Le conseil d'administration a adopt\u00e9 une charte qui d\u00e9finit son r\u00f4le et celui de chaque administrateur. La charte de gouvernance d'entreprise et le guide \u00e0 l'intention des administrateurs et des dirigeants sont accessibles au public sur le site web de l'entreprise.<\/p>\n\n\n\n<p><strong>T\u00c9L\u00c9CHARGER DES DOCUMENTS :<\/strong><br><a href=\"https:\/\/awta.com.au\/fr\/app\/uploads\/2025\/12\/Corporate-Governance-Charter.pdf\/\">Charte de gouvernance d'entreprise<\/a><br><a href=\"https:\/\/awta.com.au\/fr\/app\/uploads\/2025\/12\/Memorandum-of-Association.pdf\/\">L'acte d'association<\/a><\/p>\n\n\n\n<h2 class=\"wp-block-heading\">Conduite et \u00e9thique de l'entreprise<\/h2>\n\n\n\n<p>L'entreprise reconna\u00eet qu'il est vital pour la poursuite de son succ\u00e8s que son personnel conserve la meilleure r\u00e9putation possible en mati\u00e8re d'expertise technique, d'efficacit\u00e9 commerciale, d'impartialit\u00e9, d'ind\u00e9pendance, d'\u00e9galit\u00e9 des chances et d'int\u00e9grit\u00e9 professionnelle. Afin de s'assurer qu'il est conscient du cadre \u00e9thique dans lequel il doit travailler, chaque membre du personnel est tenu de lire et de signer la politique de conduite et d'\u00e9thique de l'entreprise. Cette politique d\u00e9finit les grandes lignes de conduite et refl\u00e8te la \u201cconscience\u201d de l'entreprise AWTA Ltd en encourageant les plus hauts niveaux de comportement.<\/p>\n\n\n\n\n\n<h2 class=\"wp-block-heading\">Objectifs de l'entreprise<\/h2>\n\n\n\n<p>Le service \u00e0 la client\u00e8le est un \u00e9l\u00e9ment central de la culture de gestion d'AWTA Ltd. S'il est d\u00e9crit en d\u00e9tail dans la d\u00e9claration de la mission, de la vision et des valeurs de l'entreprise, il est plus succinctement d\u00e9crit par les objectifs de l'entreprise, \u00e0 savoir :<\/p>\n\n\n\n<ul class=\"wp-block-list\">\n<li>Maintenir une r\u00e9putation nationale et internationale d'expertise technique, d'ind\u00e9pendance commerciale et d'int\u00e9grit\u00e9 professionnelle.<\/li>\n\n\n\n<li>Fournir des services pr\u00e9cis, impartiaux et efficaces d'\u00e9chantillonnage, d'essai, de traitement des donn\u00e9es et de certification, selon les besoins des industries de la laine, des autres fibres et du textile, \u00e0 un co\u00fbt minimal.<\/li>\n\n\n\n<li>Am\u00e9liorer la rentabilit\u00e9 de l'industrie laini\u00e8re australienne en encourageant l'application optimale de mesures objectives.<\/li>\n<\/ul>\n\n\n\n<h2 class=\"wp-block-heading\">Rapport sur le climat<\/h2>\n\n\n\n<p>En tant qu'entreprise citoyenne responsable, nous nous engageons \u00e0 prendre des mesures pour att\u00e9nuer les risques climatiques. Nous devons r\u00e9duire notre impact sur le climat en diminuant nos \u00e9missions absolues de gaz \u00e0 effet de serre et en promouvant des pratiques commerciales durables.<\/p>\n\n\n\n<h3 class=\"wp-block-heading\">D\u00e9claration de l'AWTA sur le climat<\/h3>\n\n\n\n<p>L'AWTA est consciente du r\u00f4le que le changement climatique joue et continuera de jouer sur nos activit\u00e9s et celles de nos principaux clients dans les secteurs de la laine et de l'agriculture en Australie et en Nouvelle-Z\u00e9lande.<\/p>\n\n\n\n<p>En tant qu'entreprise citoyenne responsable, nous nous engageons \u00e0 prendre des mesures pour att\u00e9nuer les risques climatiques. Nous devons r\u00e9duire notre impact sur le climat en diminuant nos \u00e9missions absolues de gaz \u00e0 effet de serre et en promouvant des pratiques commerciales durables.<\/p>\n\n\n\n<p>Pour ce faire, l'AWTA mettra en \u0153uvre les recommandations de la Task Force on Climate-related Financial Disclosures (TCFD). Les rapports de l'AWTA sur le climat \u00e9volueront au fur et \u00e0 mesure que les r\u00e9glementations sur le climat et le d\u00e9veloppement durable changeront.<\/p>\n\n\n\n<p>Notre objectif interm\u00e9diaire en mati\u00e8re de climat est d'atteindre une r\u00e9duction de 30% des \u00e9missions des champs d'application 1 et 2 de nos activit\u00e9s d'ici \u00e0 2030, ce qui est conforme aux objectifs internationaux visant \u00e0 limiter le r\u00e9chauffement de la plan\u00e8te \u00e0 1,5\u00b0C.<\/p>\n\n\n\n<p>Les strat\u00e9gies et les actions n\u00e9cessaires pour atteindre cet objectif climatique seront dirig\u00e9es et contr\u00f4l\u00e9es par le conseil d'administration de l'AWTA, et mises en \u0153uvre par chaque division de l'AWTA, sous la direction du directeur g\u00e9n\u00e9ral, conform\u00e9ment \u00e0 la politique de l'AWTA en mati\u00e8re de changement climatique et aux plans d'action pour le climat.<\/p>\n\n\n\n<p>Des rapports r\u00e9guliers sur les progr\u00e8s r\u00e9alis\u00e9s seront mis \u00e0 la disposition de toutes les parties prenantes.<\/p>\n<\/div>","protected":false},"excerpt":{"rendered":"<p>Charte de gouvernance d'entreprise Bien qu'AWTA Ltd ne soit pas une soci\u00e9t\u00e9 cot\u00e9e en bourse, elle suit, dans la mesure o\u00f9 cela s'applique \u00e0 sa structure, les principes de gouvernance d'entreprise de l'ASX et les Rec...<\/p>","protected":false},"author":1,"featured_media":0,"parent":37,"menu_order":0,"comment_status":"closed","ping_status":"closed","template":"","meta":{"_acf_changed":false,"footnotes":""},"class_list":["post-323","page","type-page","status-publish","hentry"],"acf":[],"yoast_head":"<!-- This site is optimized with the Yoast SEO plugin v27.0 - https:\/\/yoast.com\/product\/yoast-seo-wordpress\/ -->\n<title>Governance - AWTA Limited<\/title>\n<meta name=\"robots\" content=\"index, follow, max-snippet:-1, max-image-preview:large, max-video-preview:-1\" \/>\n<link rel=\"canonical\" href=\"https:\/\/awta.com.au\/fr\/a-propos-de\/gouvernance\/\" \/>\n<meta property=\"og:locale\" content=\"fr_FR\" \/>\n<meta property=\"og:type\" content=\"article\" \/>\n<meta property=\"og:title\" content=\"Governance - AWTA Limited\" \/>\n<meta property=\"og:description\" content=\"Corporate Governance Charter Whilst AWTA Ltd is not a listed company, where applicable to its structure, it follows the ASX\u2019s Corporate Governance Principles and Rec\u2026\" \/>\n<meta property=\"og:url\" content=\"https:\/\/awta.com.au\/fr\/a-propos-de\/gouvernance\/\" \/>\n<meta property=\"og:site_name\" content=\"AWTA Limited\" \/>\n<meta property=\"article:modified_time\" content=\"2025-12-23T00:20:24+00:00\" \/>\n<meta name=\"twitter:card\" content=\"summary_large_image\" \/>\n<meta name=\"twitter:label1\" content=\"Est. reading time\" \/>\n\t<meta name=\"twitter:data1\" content=\"3 minutes\" \/>\n<script type=\"application\/ld+json\" class=\"yoast-schema-graph\">{\"@context\":\"https:\/\/schema.org\",\"@graph\":[{\"@type\":\"WebPage\",\"@id\":\"https:\/\/awta.com.au\/about\/governance\/\",\"url\":\"https:\/\/awta.com.au\/about\/governance\/\",\"name\":\"Governance - AWTA Limited\",\"isPartOf\":{\"@id\":\"https:\/\/awta.com.au\/zh_cn\/#website\"},\"datePublished\":\"2025-08-04T02:01:45+00:00\",\"dateModified\":\"2025-12-23T00:20:24+00:00\",\"breadcrumb\":{\"@id\":\"https:\/\/awta.com.au\/about\/governance\/#breadcrumb\"},\"inLanguage\":\"fr-FR\",\"potentialAction\":[{\"@type\":\"ReadAction\",\"target\":[\"https:\/\/awta.com.au\/about\/governance\/\"]}]},{\"@type\":\"BreadcrumbList\",\"@id\":\"https:\/\/awta.com.au\/about\/governance\/#breadcrumb\",\"itemListElement\":[{\"@type\":\"ListItem\",\"position\":1,\"name\":\"Home\",\"item\":\"https:\/\/awta.com.au\/\"},{\"@type\":\"ListItem\",\"position\":2,\"name\":\"About\",\"item\":\"https:\/\/awta.com.au\/about\/\"},{\"@type\":\"ListItem\",\"position\":3,\"name\":\"Governance\"}]},{\"@type\":\"WebSite\",\"@id\":\"https:\/\/awta.com.au\/zh_cn\/#website\",\"url\":\"https:\/\/awta.com.au\/zh_cn\/\",\"name\":\"AWTA Limited\",\"description\":\"\",\"publisher\":{\"@id\":\"https:\/\/awta.com.au\/zh_cn\/#organization\"},\"potentialAction\":[{\"@type\":\"SearchAction\",\"target\":{\"@type\":\"EntryPoint\",\"urlTemplate\":\"https:\/\/awta.com.au\/zh_cn\/?s={search_term_string}\"},\"query-input\":{\"@type\":\"PropertyValueSpecification\",\"valueRequired\":true,\"valueName\":\"search_term_string\"}}],\"inLanguage\":\"fr-FR\"},{\"@type\":\"Organization\",\"@id\":\"https:\/\/awta.com.au\/zh_cn\/#organization\",\"name\":\"AWTA Limited\",\"url\":\"https:\/\/awta.com.au\/zh_cn\/\",\"logo\":{\"@type\":\"ImageObject\",\"inLanguage\":\"fr-FR\",\"@id\":\"https:\/\/awta.com.au\/zh_cn\/#\/schema\/logo\/image\/\",\"url\":\"https:\/\/awta.com.au\/app\/uploads\/2025\/06\/awta-default.png\",\"contentUrl\":\"https:\/\/awta.com.au\/app\/uploads\/2025\/06\/awta-default.png\",\"width\":768,\"height\":474,\"caption\":\"AWTA Limited\"},\"image\":{\"@id\":\"https:\/\/awta.com.au\/zh_cn\/#\/schema\/logo\/image\/\"}}]}<\/script>\n<!-- \/ Yoast SEO plugin. -->","yoast_head_json":{"title":"Gouvernance - AWTA Limited","robots":{"index":"index","follow":"follow","max-snippet":"max-snippet:-1","max-image-preview":"max-image-preview:large","max-video-preview":"max-video-preview:-1"},"canonical":"https:\/\/awta.com.au\/fr\/a-propos-de\/gouvernance\/","og_locale":"fr_FR","og_type":"article","og_title":"Governance - AWTA Limited","og_description":"Corporate Governance Charter Whilst AWTA Ltd is not a listed company, where applicable to its structure, it follows the ASX\u2019s Corporate Governance Principles and Rec\u2026","og_url":"https:\/\/awta.com.au\/fr\/a-propos-de\/gouvernance\/","og_site_name":"AWTA Limited","article_modified_time":"2025-12-23T00:20:24+00:00","twitter_card":"summary_large_image","twitter_misc":{"Est. reading time":"3 minutes"},"schema":{"@context":"https:\/\/schema.org","@graph":[{"@type":"WebPage","@id":"https:\/\/awta.com.au\/about\/governance\/","url":"https:\/\/awta.com.au\/about\/governance\/","name":"Gouvernance - AWTA Limited","isPartOf":{"@id":"https:\/\/awta.com.au\/zh_cn\/#website"},"datePublished":"2025-08-04T02:01:45+00:00","dateModified":"2025-12-23T00:20:24+00:00","breadcrumb":{"@id":"https:\/\/awta.com.au\/about\/governance\/#breadcrumb"},"inLanguage":"fr-FR","potentialAction":[{"@type":"ReadAction","target":["https:\/\/awta.com.au\/about\/governance\/"]}]},{"@type":"BreadcrumbList","@id":"https:\/\/awta.com.au\/about\/governance\/#breadcrumb","itemListElement":[{"@type":"ListItem","position":1,"name":"Home","item":"https:\/\/awta.com.au\/"},{"@type":"ListItem","position":2,"name":"About","item":"https:\/\/awta.com.au\/about\/"},{"@type":"ListItem","position":3,"name":"Governance"}]},{"@type":"WebSite","@id":"https:\/\/awta.com.au\/zh_cn\/#website","url":"https:\/\/awta.com.au\/zh_cn\/","name":"AWTA Limited","description":"","publisher":{"@id":"https:\/\/awta.com.au\/zh_cn\/#organization"},"potentialAction":[{"@type":"SearchAction","target":{"@type":"EntryPoint","urlTemplate":"https:\/\/awta.com.au\/zh_cn\/?s={search_term_string}"},"query-input":{"@type":"PropertyValueSpecification","valueRequired":true,"valueName":"search_term_string"}}],"inLanguage":"fr-FR"},{"@type":"Organization","@id":"https:\/\/awta.com.au\/zh_cn\/#organization","name":"AWTA Limited","url":"https:\/\/awta.com.au\/zh_cn\/","logo":{"@type":"ImageObject","inLanguage":"fr-FR","@id":"https:\/\/awta.com.au\/zh_cn\/#\/schema\/logo\/image\/","url":"https:\/\/awta.com.au\/app\/uploads\/2025\/06\/awta-default.png","contentUrl":"https:\/\/awta.com.au\/app\/uploads\/2025\/06\/awta-default.png","width":768,"height":474,"caption":"AWTA Limited"},"image":{"@id":"https:\/\/awta.com.au\/zh_cn\/#\/schema\/logo\/image\/"}}]}},"_links":{"self":[{"href":"https:\/\/awta.com.au\/fr\/wp-json\/wp\/v2\/pages\/323","targetHints":{"allow":["GET"]}}],"collection":[{"href":"https:\/\/awta.com.au\/fr\/wp-json\/wp\/v2\/pages"}],"about":[{"href":"https:\/\/awta.com.au\/fr\/wp-json\/wp\/v2\/types\/page"}],"author":[{"embeddable":true,"href":"https:\/\/awta.com.au\/fr\/wp-json\/wp\/v2\/users\/1"}],"replies":[{"embeddable":true,"href":"https:\/\/awta.com.au\/fr\/wp-json\/wp\/v2\/comments?post=323"}],"version-history":[{"count":23,"href":"https:\/\/awta.com.au\/fr\/wp-json\/wp\/v2\/pages\/323\/revisions"}],"predecessor-version":[{"id":2243,"href":"https:\/\/awta.com.au\/fr\/wp-json\/wp\/v2\/pages\/323\/revisions\/2243"}],"up":[{"embeddable":true,"href":"https:\/\/awta.com.au\/fr\/wp-json\/wp\/v2\/pages\/37"}],"wp:attachment":[{"href":"https:\/\/awta.com.au\/fr\/wp-json\/wp\/v2\/media?parent=323"}],"curies":[{"name":"wp","href":"https:\/\/api.w.org\/{rel}","templated":true}]}}