{"id":1641,"date":"2025-09-05T03:10:59","date_gmt":"2025-09-05T03:10:59","guid":{"rendered":"https:\/\/awta.swim.net.au\/?page_id=1641"},"modified":"2025-09-25T04:17:29","modified_gmt":"2025-09-25T04:17:29","slug":"politique-de-confidentialite","status":"publish","type":"page","link":"https:\/\/awta.com.au\/fr\/politique-de-confidentialite\/","title":{"rendered":"Politique de confidentialit\u00e9"},"content":{"rendered":"<div class=\"wp-block-group is-style-boxed-narrow is-layout-constrained wp-block-group-is-layout-constrained\">\n<h2 class=\"wp-block-heading\">Prot\u00e9ger votre vie priv\u00e9e<\/h2>\n\n\n\n<p>AWTA Ltd respecte la vie priv\u00e9e de ses clients et s'efforce de prot\u00e9ger les informations qu'elle d\u00e9tient et utilise sur les personnes qui lui fournissent des informations personnelles.<\/p>\n\n\n\n<p>La politique de confidentialit\u00e9 d'AWTA Ltd est accessible via le lien ci-dessous.<\/p>\n\n\n\n<p>T\u00e9l\u00e9charger :\u00a0<a href=\"\/fr\/app\/uploads\/2025\/09\/Privacy-Policy.pdf\/\" target=\"_blank\" rel=\"noreferrer noopener\">Politique de confidentialit\u00e9 d'AWTA Ltd<\/a><\/p>\n<\/div>\n\n\n\n<div class=\"wp-block-group is-style-boxed-narrow is-layout-constrained wp-block-group-is-layout-constrained\">\n<h2 class=\"wp-block-heading\">Politique de d\u00e9nonciation<\/h2>\n\n\n\n<p>T\u00e9l\u00e9charger :\u00a0<a href=\"\/fr\/app\/uploads\/2025\/09\/Whistleblower-Policy.pdf\/\" target=\"_blank\" rel=\"noreferrer noopener\">Politique de d\u00e9nonciation<\/a><\/p>\n\n\n\n<div style=\"height:3rem\" aria-hidden=\"true\" class=\"wp-block-spacer\"><\/div>\n<\/div>","protected":false},"excerpt":{"rendered":"<p>Prot\u00e9ger votre vie priv\u00e9e AWTA Ltd accorde une grande importance \u00e0 la vie priv\u00e9e de ses clients et s'efforce de prot\u00e9ger les informations qu'elle d\u00e9tient et utilise sur les personnes qui lui fournissent...<\/p>","protected":false},"author":1,"featured_media":0,"parent":0,"menu_order":0,"comment_status":"closed","ping_status":"closed","template":"","meta":{"_acf_changed":false,"footnotes":""},"class_list":["post-1641","page","type-page","status-publish","hentry"],"acf":[],"yoast_head":"<!-- This site is optimized with the Yoast SEO plugin v27.0 - https:\/\/yoast.com\/product\/yoast-seo-wordpress\/ -->\n<title>Privacy Policy - AWTA Limited<\/title>\n<meta name=\"robots\" content=\"index, follow, max-snippet:-1, max-image-preview:large, max-video-preview:-1\" \/>\n<link rel=\"canonical\" href=\"https:\/\/awta.com.au\/fr\/politique-de-confidentialite\/\" \/>\n<meta property=\"og:locale\" content=\"fr_FR\" \/>\n<meta property=\"og:type\" content=\"article\" \/>\n<meta property=\"og:title\" content=\"Privacy Policy - AWTA Limited\" \/>\n<meta property=\"og:description\" content=\"Protecting Your Privacy AWTA&nbsp;Ltd values its client&#8217;s privacy and strives to protect the information it holds and uses about individuals who provide it with\u2026\" \/>\n<meta property=\"og:url\" content=\"https:\/\/awta.com.au\/fr\/politique-de-confidentialite\/\" \/>\n<meta property=\"og:site_name\" content=\"AWTA Limited\" \/>\n<meta property=\"article:modified_time\" content=\"2025-09-25T04:17:29+00:00\" \/>\n<meta name=\"twitter:card\" content=\"summary_large_image\" \/>\n<script type=\"application\/ld+json\" class=\"yoast-schema-graph\">{\"@context\":\"https:\/\/schema.org\",\"@graph\":[{\"@type\":\"WebPage\",\"@id\":\"https:\/\/awta.com.au\/zh_cn\/privacy-policy\/\",\"url\":\"https:\/\/awta.com.au\/zh_cn\/privacy-policy\/\",\"name\":\"Privacy Policy - AWTA Limited\",\"isPartOf\":{\"@id\":\"https:\/\/awta.com.au\/zh_cn\/#website\"},\"datePublished\":\"2025-09-05T03:10:59+00:00\",\"dateModified\":\"2025-09-25T04:17:29+00:00\",\"breadcrumb\":{\"@id\":\"https:\/\/awta.com.au\/zh_cn\/privacy-policy\/#breadcrumb\"},\"inLanguage\":\"fr-FR\",\"potentialAction\":[{\"@type\":\"ReadAction\",\"target\":[\"https:\/\/awta.com.au\/zh_cn\/privacy-policy\/\"]}]},{\"@type\":\"BreadcrumbList\",\"@id\":\"https:\/\/awta.com.au\/zh_cn\/privacy-policy\/#breadcrumb\",\"itemListElement\":[{\"@type\":\"ListItem\",\"position\":1,\"name\":\"Home\",\"item\":\"https:\/\/awta.com.au\/\"},{\"@type\":\"ListItem\",\"position\":2,\"name\":\"Privacy Policy\"}]},{\"@type\":\"WebSite\",\"@id\":\"https:\/\/awta.com.au\/zh_cn\/#website\",\"url\":\"https:\/\/awta.com.au\/zh_cn\/\",\"name\":\"AWTA Limited\",\"description\":\"\",\"publisher\":{\"@id\":\"https:\/\/awta.com.au\/zh_cn\/#organization\"},\"potentialAction\":[{\"@type\":\"SearchAction\",\"target\":{\"@type\":\"EntryPoint\",\"urlTemplate\":\"https:\/\/awta.com.au\/zh_cn\/?s={search_term_string}\"},\"query-input\":{\"@type\":\"PropertyValueSpecification\",\"valueRequired\":true,\"valueName\":\"search_term_string\"}}],\"inLanguage\":\"fr-FR\"},{\"@type\":\"Organization\",\"@id\":\"https:\/\/awta.com.au\/zh_cn\/#organization\",\"name\":\"AWTA Limited\",\"url\":\"https:\/\/awta.com.au\/zh_cn\/\",\"logo\":{\"@type\":\"ImageObject\",\"inLanguage\":\"fr-FR\",\"@id\":\"https:\/\/awta.com.au\/zh_cn\/#\/schema\/logo\/image\/\",\"url\":\"https:\/\/awta.com.au\/app\/uploads\/2025\/06\/awta-default.png\",\"contentUrl\":\"https:\/\/awta.com.au\/app\/uploads\/2025\/06\/awta-default.png\",\"width\":768,\"height\":474,\"caption\":\"AWTA Limited\"},\"image\":{\"@id\":\"https:\/\/awta.com.au\/zh_cn\/#\/schema\/logo\/image\/\"}}]}<\/script>\n<!-- \/ Yoast SEO plugin. -->","yoast_head_json":{"title":"Politique de confidentialit\u00e9 - AWTA Limited","robots":{"index":"index","follow":"follow","max-snippet":"max-snippet:-1","max-image-preview":"max-image-preview:large","max-video-preview":"max-video-preview:-1"},"canonical":"https:\/\/awta.com.au\/fr\/politique-de-confidentialite\/","og_locale":"fr_FR","og_type":"article","og_title":"Privacy Policy - AWTA Limited","og_description":"Protecting Your Privacy AWTA&nbsp;Ltd values its client&#8217;s privacy and strives to protect the information it holds and uses about individuals who provide it with\u2026","og_url":"https:\/\/awta.com.au\/fr\/politique-de-confidentialite\/","og_site_name":"AWTA Limited","article_modified_time":"2025-09-25T04:17:29+00:00","twitter_card":"summary_large_image","schema":{"@context":"https:\/\/schema.org","@graph":[{"@type":"WebPage","@id":"https:\/\/awta.com.au\/zh_cn\/privacy-policy\/","url":"https:\/\/awta.com.au\/zh_cn\/privacy-policy\/","name":"Politique de confidentialit\u00e9 - AWTA Limited","isPartOf":{"@id":"https:\/\/awta.com.au\/zh_cn\/#website"},"datePublished":"2025-09-05T03:10:59+00:00","dateModified":"2025-09-25T04:17:29+00:00","breadcrumb":{"@id":"https:\/\/awta.com.au\/zh_cn\/privacy-policy\/#breadcrumb"},"inLanguage":"fr-FR","potentialAction":[{"@type":"ReadAction","target":["https:\/\/awta.com.au\/zh_cn\/privacy-policy\/"]}]},{"@type":"BreadcrumbList","@id":"https:\/\/awta.com.au\/zh_cn\/privacy-policy\/#breadcrumb","itemListElement":[{"@type":"ListItem","position":1,"name":"Home","item":"https:\/\/awta.com.au\/"},{"@type":"ListItem","position":2,"name":"Privacy Policy"}]},{"@type":"WebSite","@id":"https:\/\/awta.com.au\/zh_cn\/#website","url":"https:\/\/awta.com.au\/zh_cn\/","name":"AWTA Limited","description":"","publisher":{"@id":"https:\/\/awta.com.au\/zh_cn\/#organization"},"potentialAction":[{"@type":"SearchAction","target":{"@type":"EntryPoint","urlTemplate":"https:\/\/awta.com.au\/zh_cn\/?s={search_term_string}"},"query-input":{"@type":"PropertyValueSpecification","valueRequired":true,"valueName":"search_term_string"}}],"inLanguage":"fr-FR"},{"@type":"Organization","@id":"https:\/\/awta.com.au\/zh_cn\/#organization","name":"AWTA Limited","url":"https:\/\/awta.com.au\/zh_cn\/","logo":{"@type":"ImageObject","inLanguage":"fr-FR","@id":"https:\/\/awta.com.au\/zh_cn\/#\/schema\/logo\/image\/","url":"https:\/\/awta.com.au\/app\/uploads\/2025\/06\/awta-default.png","contentUrl":"https:\/\/awta.com.au\/app\/uploads\/2025\/06\/awta-default.png","width":768,"height":474,"caption":"AWTA Limited"},"image":{"@id":"https:\/\/awta.com.au\/zh_cn\/#\/schema\/logo\/image\/"}}]}},"_links":{"self":[{"href":"https:\/\/awta.com.au\/fr\/wp-json\/wp\/v2\/pages\/1641","targetHints":{"allow":["GET"]}}],"collection":[{"href":"https:\/\/awta.com.au\/fr\/wp-json\/wp\/v2\/pages"}],"about":[{"href":"https:\/\/awta.com.au\/fr\/wp-json\/wp\/v2\/types\/page"}],"author":[{"embeddable":true,"href":"https:\/\/awta.com.au\/fr\/wp-json\/wp\/v2\/users\/1"}],"replies":[{"embeddable":true,"href":"https:\/\/awta.com.au\/fr\/wp-json\/wp\/v2\/comments?post=1641"}],"version-history":[{"count":10,"href":"https:\/\/awta.com.au\/fr\/wp-json\/wp\/v2\/pages\/1641\/revisions"}],"predecessor-version":[{"id":1816,"href":"https:\/\/awta.com.au\/fr\/wp-json\/wp\/v2\/pages\/1641\/revisions\/1816"}],"wp:attachment":[{"href":"https:\/\/awta.com.au\/fr\/wp-json\/wp\/v2\/media?parent=1641"}],"curies":[{"name":"wp","href":"https:\/\/api.w.org\/{rel}","templated":true}]}}