{"id":1419,"date":"2025-08-29T03:26:47","date_gmt":"2025-08-29T03:26:47","guid":{"rendered":"https:\/\/awta.swim.net.au\/?page_id=1419"},"modified":"2025-08-29T06:54:56","modified_gmt":"2025-08-29T06:54:56","slug":"conditions-generales","status":"publish","type":"page","link":"https:\/\/awta.com.au\/fr\/a-propos-de\/conditions-generales\/","title":{"rendered":"Conditions g\u00e9n\u00e9rales d'utilisation"},"content":{"rendered":"<div class=\"wp-block-group is-style-boxed-narrow is-layout-constrained wp-block-group-is-layout-constrained\">\n<h2 class=\"wp-block-heading\">Conditions g\u00e9n\u00e9rales d'utilisation des services d'AWTA Ltd<\/h2>\n\n\n\n<h3 class=\"wp-block-heading\">R\u00e9sum\u00e9<\/h3>\n\n\n\n<p>Avant de demander l'un des services associ\u00e9s aux documents t\u00e9l\u00e9chargeables ci-dessous, il est de votre responsabilit\u00e9 de vous familiariser avec les conditions g\u00e9n\u00e9rales associ\u00e9es \u00e0 ces services. En demandant l'un de ces services, vous reconnaissez avoir lu et accept\u00e9 d'\u00eatre li\u00e9 par les conditions g\u00e9n\u00e9rales correspondantes.<\/p>\n\n\n\n<p>Nous pouvons modifier les conditions ci-dessous \u00e0 tout moment en vous en informant, notamment d'une ou de plusieurs des mani\u00e8res suivantes :<\/p>\n\n\n\n<ul class=\"wp-block-list\">\n<li>Imprimer les conditions modifi\u00e9es sur nos formulaires de demande de test.<\/li>\n\n\n\n<li>Faire r\u00e9f\u00e9rence aux modifications et\/ou imprimer les conditions modifi\u00e9es dans un bulletin d'information ou une liste de frais.<\/li>\n\n\n\n<li>Publier les conditions modifi\u00e9es sur ce site web.<\/li>\n<\/ul>\n\n\n\n<p>Le fait de continuer \u00e0 utiliser les services de test ou de conseil apr\u00e8s un tel avis et\/ou une telle modification constitue une acceptation de la modification et des conditions appropri\u00e9es en g\u00e9n\u00e9ral.<\/p>\n\n\n\n<h3 class=\"wp-block-heading\">Documents \u00e0 t\u00e9l\u00e9charger :<\/h3>\n\n\n\n<p><a href=\"\/fr\/app\/images\/5.1_Prod_Testing_Terms_04.07.25.pdf\/\" target=\"_blank\" rel=\"noreferrer noopener\">Termes relatifs aux essais de produits<\/a><br><a href=\"\/fr\/app\/images\/11.1_FeedTest_General_Terms_04.07.25.pdf\/\" target=\"_blank\" rel=\"noreferrer noopener\">Conditions d'utilisation de FeedTest<\/a><a href=\"https:\/\/awta.com.au\/index.php\/en\/component\/edocman\/feedtest-general-terms-2019\"><br><\/a><a href=\"\/fr\/app\/images\/11.2_FeedTest_Agency_Terms_04.07.25.pdf\/\" target=\"_blank\" rel=\"noreferrer noopener\">Conditions d'utilisation de FeedTest<\/a><a href=\"https:\/\/awta.com.au\/index.php\/en\/component\/edocman\/feedtest-general-terms-2019\"><br><\/a><a href=\"https:\/\/awta.com.au\/index.php\/en\/component\/edocman\/fleece-measurement-terms-july-2025?Itemid=0\">Mesure du molleton - Conditions juillet 2025<\/a><br><a href=\"https:\/\/awta.com.au\/index.php\/en\/component\/edocman\/pesticide-residue-terms-july-2025?Itemid=0\">R\u00e9sidus de pesticides - Conditions juillet 2025<\/a><br><a href=\"\/fr\/app\/images\/10.1_Agrifood_Terms_04.07.25.pdf\/\">Termes agroalimentaires<\/a><br><a href=\"https:\/\/awta.com.au\/index.php\/en\/component\/edocman\/raw-wool-terms-july-2025?Itemid=0\">Laine brute - Conditions juillet 2025<\/a><\/p>\n\n\n\n<h2 class=\"wp-block-heading\">Conditions d'utilisation de ce site web<\/h2>\n\n\n\n<h3 class=\"wp-block-heading\">Propri\u00e9t\u00e9 et acc\u00e8s<\/h3>\n\n\n\n<p>En acc\u00e9dant au site web et en utilisant son contenu, vous acceptez express\u00e9ment ces conditions.<br>Ce site web est la propri\u00e9t\u00e9 de l'Australian Wool Testing Authority Limited (\"AWTA Ltd\").<br>AWTA Ltd vous accorde une licence limit\u00e9e non exclusive pour acc\u00e9der au site sous r\u00e9serve des pr\u00e9sentes conditions d'utilisation.<br>Toute revente ou application commerciale du site web et de son contenu est interdite.<\/p>\n\n\n\n<h3 class=\"wp-block-heading\">Droit d'auteur<\/h3>\n\n\n\n<p>Le mat\u00e9riel fourni sur ce site est la propri\u00e9t\u00e9 d'AWTA Ltd, qui en conserve les droits d'auteur. Vous ne pouvez utiliser ce mat\u00e9riel qu'\u00e0 titre de r\u00e9f\u00e9rence personnelle. \u00c0 l'exception de la copie temporaire conserv\u00e9e dans la m\u00e9moire cache de l'appareil \u00e9lectronique utilis\u00e9 pour acc\u00e9der au site et y naviguer, d'une copie de sauvegarde unique et d'une copie permanente unique pour votre r\u00e9f\u00e9rence personnelle, le mat\u00e9riel ne peut \u00eatre utilis\u00e9 autrement, copi\u00e9, reproduit, publi\u00e9, stock\u00e9 dans un syst\u00e8me de r\u00e9cup\u00e9ration, modifi\u00e9, revendu, transmis sous quelque forme ou par quelque moyen que ce soit, en tout ou en partie (sauf si une telle utilisation constitue une utilisation \u00e9quitable en vertu de la loi sur les droits d'auteur (Commonwealth d'Australie)).<\/p>\n\n\n\n<h3 class=\"wp-block-heading\">Avertissement sur le contenu<\/h3>\n\n\n\n<p>Tout le mat\u00e9riel faisant partie de notre site web (y compris dans les portails d'AWTA Ltd) est fourni en toute bonne foi et consid\u00e9r\u00e9 comme exact. Il est fourni \u00e0 titre indicatif uniquement et ne doit pas \u00eatre utilis\u00e9 \u00e0 des fins commerciales, y compris pour le commerce de marchandises ou de biens. AWTA Ltd, ses dirigeants et son personnel ne font aucune d\u00e9claration et ne donnent aucune garantie quant \u00e0 l'ad\u00e9quation du contenu de ce site \u00e0 quelque fin que ce soit, \u00e0 l'opportunit\u00e9, \u00e0 la fiabilit\u00e9, \u00e0 l'exactitude ou \u00e0 l'exhaustivit\u00e9 du contenu, et nous n'acceptons aucune responsabilit\u00e9 ou obligation d\u00e9coulant de quelque mani\u00e8re que ce soit, y compris par n\u00e9gligence, d'erreurs, d'omissions ou de l'utilisation de ce contenu. Dans les limites autoris\u00e9es par la loi, AWTA Ltd exclut toute responsabilit\u00e9 \u00e0 votre \u00e9gard d\u00e9coulant de votre utilisation du site web ou s'y rapportant de quelque mani\u00e8re que ce soit, y compris, sans s'y limiter, pour toute perte de b\u00e9n\u00e9fices, perte de revenus commerciaux, incapacit\u00e9 \u00e0 r\u00e9aliser les b\u00e9n\u00e9fices ou \u00e9conomies escompt\u00e9s, frais g\u00e9n\u00e9raux, perte de client\u00e8le, perte de r\u00e9putation, perte de valeur de toute propri\u00e9t\u00e9 intellectuelle, dommages ou sommes forfaitaires payables en vertu d'autres accords, autres pertes \u00e9conomiques ou toute perte cons\u00e9cutive ou indirecte de quelque nature que ce soit, quelle qu'en soit l'origine et qu'elle ait \u00e9t\u00e9 caus\u00e9e par une violation de la loi, une rupture de contrat, une n\u00e9gligence ou un autre d\u00e9lit civil.<\/p>\n\n\n\n<h3 class=\"wp-block-heading\">Marques et logos<\/h3>\n\n\n\n<p>Ce site web contient des marques et des logos appartenant \u00e0 AWTA Ltd. Il est interdit d'utiliser ou de reproduire une marque ou un logo (ou une partie de ceux-ci) de quelque mani\u00e8re que ce soit sans l'autorisation \u00e9crite pr\u00e9alable d'AWTA Ltd.<\/p>\n\n\n\n<h2 class=\"wp-block-heading\">Lien vers ce site web<\/h2>\n\n\n\n<p>L'Australian Wool Testing Authority Ltd (AWTA Ltd) (le propri\u00e9taire de la base de donn\u00e9es de l'AWTA Ltd) est l'organisme charg\u00e9 d'effectuer les tests sur la laine en Australie.&nbsp;<strong><a href=\"https:\/\/awta.com.au\/fr\/\">www.awta.com.au<\/a><\/strong>) invite les administrateurs et les gestionnaires de sites web \u00e0 placer sur leur site un ou plusieurs liens vers des pages sp\u00e9cifiques de notre site. Tout ce que nous vous demandons, c'est de respecter les conditions suivantes. En utilisant du texte pour cr\u00e9er un lien vers<strong>&nbsp;<a href=\"https:\/\/awta.com.au\/fr\/\">www.awta.com.au<\/a><\/strong>&nbsp;vous acceptez les pr\u00e9sentes conditions d'utilisation.<\/p>\n\n\n\n<h3 class=\"wp-block-heading\">Adresse<\/h3>\n\n\n\n<p>Vous pouvez cr\u00e9er un lien depuis votre site web vers n'importe quelle page de notre site, \u00e0 condition que le lien soit identifi\u00e9 de mani\u00e8re appropri\u00e9e comme un lien vers notre site.<\/p>\n\n\n\n<p>Liens vers&nbsp;<strong><a href=\"https:\/\/awta.com.au\/fr\/\">www.awta.com.au<\/a><\/strong>&nbsp;DOIT s'ouvrir dans une nouvelle fen\u00eatre, et non dans une fen\u00eatre ou un cadre de page sur votre site.<\/p>\n\n\n\n<h3 class=\"wp-block-heading\">Texte<\/h3>\n\n\n\n<p>Vous devez utiliser les mots \"Australian Wool Testing Authority Ltd\" ou \"AWTA Ltd\" pour votre lien vers la (les) page(s) s\u00e9lectionn\u00e9e(s) de<strong>&nbsp;<a href=\"https:\/\/awta.com.au\/fr\/\">www.awta.com.au<\/a><\/strong>. Vous pouvez \u00e9galement utiliser le titre du (des) document(s) ou de la (des) page(s) vers lesquels vous \u00e9tablissez un lien, \u00e0 condition que le site web d'AWTA Ltd soit identifi\u00e9 comme la source.<\/p>\n\n\n\n<h3 class=\"wp-block-heading\">Marques et logos<\/h3>\n\n\n\n<p>Il est interdit d'utiliser les marques ou les logos d'AWTA Ltd (en tout ou en partie) de quelque mani\u00e8re que ce soit sans avoir obtenu au pr\u00e9alable notre autorisation \u00e9crite.<br>Vous ne devez pas utiliser d'autres marques, logos, ic\u00f4nes, textes ou illustrations en tant que partie ou \u00e9l\u00e9ment de votre lien vers&nbsp;<strong><a href=\"https:\/\/awta.com.au\/fr\/\">www.awta.com.au<\/a><\/strong><a href=\"https:\/\/awta.com.au\/fr\/\"><\/a>.<br>Vous pouvez placer votre lien et le texte associ\u00e9 \u00e0 votre convenance sur votre site web \u00e0 condition que :<\/p>\n\n\n\n<ol class=\"wp-block-list\">\n<li>Le lien et le texte associ\u00e9 apparaissent clairement et distinctement de tout autre lien, texte ou graphique.<\/li>\n\n\n\n<li>Le lien n'est en aucun cas utilis\u00e9 pour repr\u00e9senter ou impliquer de mani\u00e8re fausse, trompeuse ou confuse qu'AWTA Ltd approuve ou est affili\u00e9e ou li\u00e9e \u00e0 une tierce partie (y compris vous) ou \u00e0 un produit.<\/li>\n\n\n\n<li>Ni vous ni le contenu de votre site web ne devez d\u00e9nigrer AWTA Ltd ou ses produits ou services.<\/li>\n\n\n\n<li>Votre site web, et tout le mat\u00e9riel qu'il contient, doit \u00eatre conforme aux normes accept\u00e9es de d\u00e9cence publique et de bon go\u00fbt. Il ne doit pas exposer AWTA Ltd \u00e0 un risque de responsabilit\u00e9 en vertu d'une loi p\u00e9nale ou civile.<\/li>\n<\/ol>\n\n\n\n<h3 class=\"wp-block-heading\">Clause de non-responsabilit\u00e9<\/h3>\n\n\n\n<p>Vous acceptez d'utiliser www.awta.com.au et d'y \u00e9tablir des liens \u00e0 vos propres risques. AWTA Ltd ne sera pas responsable de toute perte ou de tout dommage, quelle qu'en soit la cause (y compris la n\u00e9gligence), caus\u00e9 \u00e0 votre site web et \u00e0 votre syst\u00e8me, ou aux personnes qui se connectent \u00e0 nous \u00e0 partir de votre (vos) site(s) web, caus\u00e9 par ou en rapport avec un lien vers&nbsp;<strong><a href=\"https:\/\/awta.com.au\/fr\/\">www.awta.com.au<\/a><\/strong>. Toute perte ou tout dommage de ce type rel\u00e8ve de votre responsabilit\u00e9.<\/p>\n\n\n\n<h3 class=\"wp-block-heading\">Indemnit\u00e9 en cas de lien vers le pr\u00e9sent site web<\/h3>\n\n\n\n<p>Vous acceptez d'indemniser AWTA Ltd et de la maintenir indemne de toute action, r\u00e9clamation, poursuite, proc\u00e9dure, demande, dommage, co\u00fbt ou responsabilit\u00e9 \u00e0 l'encontre d'AWTA Ltd d\u00e9coulant de quelque mani\u00e8re que ce soit d'une violation de votre part des pr\u00e9sentes conditions.<\/p>\n\n\n\n<p>AWTA Ltd se r\u00e9serve le droit, \u00e0 sa seule discr\u00e9tion, de demander la suppression de votre lien ou de l'examiner \u00e0 tout moment.<\/p>\n\n\n\n<h3 class=\"wp-block-heading\">Plus d'informations<\/h3>\n\n\n\n<p>Si vous avez des questions ou des commentaires sur la cr\u00e9ation d'un lien vers nous, veuillez contacter notre webmaster :<\/p>\n\n\n\n<figure class=\"wp-block-table is-style-stripes\"><table class=\"has-fixed-layout\"><tbody><tr><td>Courriel :<\/td><td><a href=\"mailto:awtainfo@awta.com.au\"><mark style=\"background-color:rgba(0, 0, 0, 0)\" class=\"has-inline-color has-deep-red-color\">awtainfo@awta.com.au<\/mark><\/a><\/td><\/tr><tr><td>Poste :<\/td><td>Gestionnaire de site web<br>Australian Wool Testing Authority Ltd<br>Bo\u00eete postale 240<br>NORTH MELBOURNE VIC 3051<\/td><\/tr><tr><td>T\u00e9l\u00e9phone<\/td><td>+61 (03) 9371 4100<\/td><\/tr><\/tbody><\/table><\/figure>\n<\/div>\n\n\n\n<div style=\"height:30px\" aria-hidden=\"true\" class=\"wp-block-spacer\"><\/div>","protected":false},"excerpt":{"rendered":"<p>Conditions g\u00e9n\u00e9rales d'utilisation des services d'AWTA Ltd R\u00e9sum\u00e9 Avant de demander l'un des services associ\u00e9s aux documents t\u00e9l\u00e9chargeables ci-dessous, il est de votre responsabilit\u00e9 de...<\/p>","protected":false},"author":1,"featured_media":0,"parent":37,"menu_order":0,"comment_status":"closed","ping_status":"closed","template":"","meta":{"_acf_changed":false,"footnotes":""},"class_list":["post-1419","page","type-page","status-publish","hentry"],"acf":[],"yoast_head":"<!-- This site is optimized with the Yoast SEO plugin v27.0 - https:\/\/yoast.com\/product\/yoast-seo-wordpress\/ -->\n<title>Terms and Conditions - AWTA Limited<\/title>\n<meta name=\"robots\" content=\"index, follow, max-snippet:-1, max-image-preview:large, max-video-preview:-1\" \/>\n<link rel=\"canonical\" href=\"https:\/\/awta.com.au\/fr\/a-propos-de\/conditions-generales\/\" \/>\n<meta property=\"og:locale\" content=\"fr_FR\" \/>\n<meta property=\"og:type\" content=\"article\" \/>\n<meta property=\"og:title\" content=\"Terms and Conditions - AWTA Limited\" \/>\n<meta property=\"og:description\" content=\"Terms and Conditions for AWTA Ltd Services Summary Before requesting any of the services associated with the downloadable documents below, it is your responsibility to\u2026\" \/>\n<meta property=\"og:url\" content=\"https:\/\/awta.com.au\/fr\/a-propos-de\/conditions-generales\/\" \/>\n<meta property=\"og:site_name\" content=\"AWTA Limited\" \/>\n<meta property=\"article:modified_time\" content=\"2025-08-29T06:54:56+00:00\" \/>\n<meta name=\"twitter:card\" content=\"summary_large_image\" \/>\n<meta name=\"twitter:label1\" content=\"Est. reading time\" \/>\n\t<meta name=\"twitter:data1\" content=\"6 minutes\" \/>\n<script type=\"application\/ld+json\" class=\"yoast-schema-graph\">{\"@context\":\"https:\/\/schema.org\",\"@graph\":[{\"@type\":\"WebPage\",\"@id\":\"https:\/\/awta.com.au\/about\/terms-and-conditions\/\",\"url\":\"https:\/\/awta.com.au\/about\/terms-and-conditions\/\",\"name\":\"Terms and Conditions - AWTA Limited\",\"isPartOf\":{\"@id\":\"https:\/\/awta.com.au\/zh_cn\/#website\"},\"datePublished\":\"2025-08-29T03:26:47+00:00\",\"dateModified\":\"2025-08-29T06:54:56+00:00\",\"breadcrumb\":{\"@id\":\"https:\/\/awta.com.au\/about\/terms-and-conditions\/#breadcrumb\"},\"inLanguage\":\"fr-FR\",\"potentialAction\":[{\"@type\":\"ReadAction\",\"target\":[\"https:\/\/awta.com.au\/about\/terms-and-conditions\/\"]}]},{\"@type\":\"BreadcrumbList\",\"@id\":\"https:\/\/awta.com.au\/about\/terms-and-conditions\/#breadcrumb\",\"itemListElement\":[{\"@type\":\"ListItem\",\"position\":1,\"name\":\"Home\",\"item\":\"https:\/\/awta.com.au\/\"},{\"@type\":\"ListItem\",\"position\":2,\"name\":\"About\",\"item\":\"https:\/\/awta.com.au\/about\/\"},{\"@type\":\"ListItem\",\"position\":3,\"name\":\"Terms and Conditions\"}]},{\"@type\":\"WebSite\",\"@id\":\"https:\/\/awta.com.au\/zh_cn\/#website\",\"url\":\"https:\/\/awta.com.au\/zh_cn\/\",\"name\":\"AWTA Limited\",\"description\":\"\",\"publisher\":{\"@id\":\"https:\/\/awta.com.au\/zh_cn\/#organization\"},\"potentialAction\":[{\"@type\":\"SearchAction\",\"target\":{\"@type\":\"EntryPoint\",\"urlTemplate\":\"https:\/\/awta.com.au\/zh_cn\/?s={search_term_string}\"},\"query-input\":{\"@type\":\"PropertyValueSpecification\",\"valueRequired\":true,\"valueName\":\"search_term_string\"}}],\"inLanguage\":\"fr-FR\"},{\"@type\":\"Organization\",\"@id\":\"https:\/\/awta.com.au\/zh_cn\/#organization\",\"name\":\"AWTA Limited\",\"url\":\"https:\/\/awta.com.au\/zh_cn\/\",\"logo\":{\"@type\":\"ImageObject\",\"inLanguage\":\"fr-FR\",\"@id\":\"https:\/\/awta.com.au\/zh_cn\/#\/schema\/logo\/image\/\",\"url\":\"https:\/\/awta.com.au\/app\/uploads\/2025\/06\/awta-default.png\",\"contentUrl\":\"https:\/\/awta.com.au\/app\/uploads\/2025\/06\/awta-default.png\",\"width\":768,\"height\":474,\"caption\":\"AWTA Limited\"},\"image\":{\"@id\":\"https:\/\/awta.com.au\/zh_cn\/#\/schema\/logo\/image\/\"}}]}<\/script>\n<!-- \/ Yoast SEO plugin. -->","yoast_head_json":{"title":"Conditions g\u00e9n\u00e9rales - AWTA Limited","robots":{"index":"index","follow":"follow","max-snippet":"max-snippet:-1","max-image-preview":"max-image-preview:large","max-video-preview":"max-video-preview:-1"},"canonical":"https:\/\/awta.com.au\/fr\/a-propos-de\/conditions-generales\/","og_locale":"fr_FR","og_type":"article","og_title":"Terms and Conditions - AWTA Limited","og_description":"Terms and Conditions for AWTA Ltd Services Summary Before requesting any of the services associated with the downloadable documents below, it is your responsibility to\u2026","og_url":"https:\/\/awta.com.au\/fr\/a-propos-de\/conditions-generales\/","og_site_name":"AWTA Limited","article_modified_time":"2025-08-29T06:54:56+00:00","twitter_card":"summary_large_image","twitter_misc":{"Est. reading time":"6 minutes"},"schema":{"@context":"https:\/\/schema.org","@graph":[{"@type":"WebPage","@id":"https:\/\/awta.com.au\/about\/terms-and-conditions\/","url":"https:\/\/awta.com.au\/about\/terms-and-conditions\/","name":"Conditions g\u00e9n\u00e9rales - AWTA Limited","isPartOf":{"@id":"https:\/\/awta.com.au\/zh_cn\/#website"},"datePublished":"2025-08-29T03:26:47+00:00","dateModified":"2025-08-29T06:54:56+00:00","breadcrumb":{"@id":"https:\/\/awta.com.au\/about\/terms-and-conditions\/#breadcrumb"},"inLanguage":"fr-FR","potentialAction":[{"@type":"ReadAction","target":["https:\/\/awta.com.au\/about\/terms-and-conditions\/"]}]},{"@type":"BreadcrumbList","@id":"https:\/\/awta.com.au\/about\/terms-and-conditions\/#breadcrumb","itemListElement":[{"@type":"ListItem","position":1,"name":"Home","item":"https:\/\/awta.com.au\/"},{"@type":"ListItem","position":2,"name":"About","item":"https:\/\/awta.com.au\/about\/"},{"@type":"ListItem","position":3,"name":"Terms and Conditions"}]},{"@type":"WebSite","@id":"https:\/\/awta.com.au\/zh_cn\/#website","url":"https:\/\/awta.com.au\/zh_cn\/","name":"AWTA Limited","description":"","publisher":{"@id":"https:\/\/awta.com.au\/zh_cn\/#organization"},"potentialAction":[{"@type":"SearchAction","target":{"@type":"EntryPoint","urlTemplate":"https:\/\/awta.com.au\/zh_cn\/?s={search_term_string}"},"query-input":{"@type":"PropertyValueSpecification","valueRequired":true,"valueName":"search_term_string"}}],"inLanguage":"fr-FR"},{"@type":"Organization","@id":"https:\/\/awta.com.au\/zh_cn\/#organization","name":"AWTA Limited","url":"https:\/\/awta.com.au\/zh_cn\/","logo":{"@type":"ImageObject","inLanguage":"fr-FR","@id":"https:\/\/awta.com.au\/zh_cn\/#\/schema\/logo\/image\/","url":"https:\/\/awta.com.au\/app\/uploads\/2025\/06\/awta-default.png","contentUrl":"https:\/\/awta.com.au\/app\/uploads\/2025\/06\/awta-default.png","width":768,"height":474,"caption":"AWTA Limited"},"image":{"@id":"https:\/\/awta.com.au\/zh_cn\/#\/schema\/logo\/image\/"}}]}},"_links":{"self":[{"href":"https:\/\/awta.com.au\/fr\/wp-json\/wp\/v2\/pages\/1419","targetHints":{"allow":["GET"]}}],"collection":[{"href":"https:\/\/awta.com.au\/fr\/wp-json\/wp\/v2\/pages"}],"about":[{"href":"https:\/\/awta.com.au\/fr\/wp-json\/wp\/v2\/types\/page"}],"author":[{"embeddable":true,"href":"https:\/\/awta.com.au\/fr\/wp-json\/wp\/v2\/users\/1"}],"replies":[{"embeddable":true,"href":"https:\/\/awta.com.au\/fr\/wp-json\/wp\/v2\/comments?post=1419"}],"version-history":[{"count":24,"href":"https:\/\/awta.com.au\/fr\/wp-json\/wp\/v2\/pages\/1419\/revisions"}],"predecessor-version":[{"id":1462,"href":"https:\/\/awta.com.au\/fr\/wp-json\/wp\/v2\/pages\/1419\/revisions\/1462"}],"up":[{"embeddable":true,"href":"https:\/\/awta.com.au\/fr\/wp-json\/wp\/v2\/pages\/37"}],"wp:attachment":[{"href":"https:\/\/awta.com.au\/fr\/wp-json\/wp\/v2\/media?parent=1419"}],"curies":[{"name":"wp","href":"https:\/\/api.w.org\/{rel}","templated":true}]}}